{"id":561,"date":"2021-01-23T12:08:09","date_gmt":"2021-01-23T12:08:09","guid":{"rendered":"https:\/\/lcc.fi\/tietopankki\/"},"modified":"2024-08-14T12:15:22","modified_gmt":"2024-08-14T12:15:22","slug":"infobank","status":"publish","type":"page","link":"https:\/\/lcc.fi\/sv\/infobank\/","title":{"rendered":"Infobank"},"content":{"rendered":"<section class=\"l-section wpb_row height_auto color_primary with_img\"><div class=\"l-section-img\" style=\"background-image: url(https:\/\/lcc.fi\/wp-content\/uploads\/laserpinnoite-meriteollisuuteen.jpg);background-repeat: no-repeat;\" data-img-width=\"1920\" data-img-height=\"1080\"><\/div><div class=\"l-section-h i-cf\"><div class=\"g-cols vc_row type_default valign_top\"><div class=\"vc_col-sm-12 vc_col-lg-8 vc_col-md-8 wpb_column vc_column_container\"><div class=\"vc_column-inner\"><div class=\"wpb_wrapper\"><div class=\"w-separator size_custom\" style=\"height:80px\"><\/div>[vc_custom_heading text=&#8221;Infobank&#8221; font_container=&#8221;tag:h1|text_align:left&#8221; use_theme_fonts=&#8221;yes&#8221; el_class=&#8221;varjo&#8221;]<div class=\"w-separator size_custom\" style=\"height:80px\"><\/div><\/div><\/div><\/div><div class=\"vc_col-sm-4 vc_hidden-sm vc_hidden-xs wpb_column vc_column_container\"><div class=\"vc_column-inner\"><div class=\"wpb_wrapper\"><\/div><\/div><\/div><\/div><\/div><\/section><section class=\"l-section wpb_row height_large\"><div class=\"l-section-h i-cf\"><div class=\"g-cols vc_row type_default valign_top\"><div class=\"vc_col-sm-12 vc_col-lg-6 vc_col-md-6 wpb_column vc_column_container\"><div class=\"vc_column-inner\"><div class=\"wpb_wrapper\">[vc_custom_heading text=&#8221;Ladda ner PDF&#8221; font_container=&#8221;tag:h4|text_align:left&#8221; use_theme_fonts=&#8221;yes&#8221;]<div class=\"wpb_text_column\" ><div class=\"wpb_wrapper\"><ul>\n<li><strong><a href=\"\/wp-content\/uploads\/LCC-Ylivoimaiset-pinnoitteet-laserilla-S.pdf\" target=\"_blank\" rel=\"noopener\">Broschyr \u2013 Ylivoimaiset pinnoitteet laserilla (finska)<\/a><\/strong><\/li>\n<li><strong><a href=\"\/wp-content\/uploads\/LCC-Overlagsen-laserpasvetsning-S.pdf\" target=\"_blank\" rel=\"noopener\">Broschyr \u2013 \u00d6verl\u00e4gsen laserp\u00e5svetsning (svenska)<\/a><\/strong><\/li>\n<li><strong><a href=\"\/wp-content\/uploads\/LCC-Superb-coatings-with-laser-S.pdf\" target=\"_blank\" rel=\"noopener\">Broschyr \u2013 Superb coatings with laser (engelska)<\/a><\/strong><\/li>\n<li><strong><a href=\"\/wp-content\/uploads\/lcc-brochure2012-ru.pdf\" target=\"_blank\" rel=\"noopener\">LCC &#8211; Laser Coating Centre (ryska)<\/a><\/strong><\/li>\n<li><strong><a href=\"\/wp-content\/uploads\/process_basics_and_coating_properties.pdf\" target=\"_blank\" rel=\"noopener\">Process basics (engelska)<\/a><\/strong><\/li>\n<li><strong><a href=\"\/wp-content\/uploads\/laserpinnoitteella_lisaa_kilpailukykya.pdf\" target=\"_blank\" rel=\"noopener\">Artikel &#8211; Laserpinnoitteella lis\u00e4\u00e4 kilpailukyky\u00e4 (finska)<\/a><\/strong><\/li>\n<\/ul>\n<\/div><\/div><\/div><\/div><\/div><div class=\"vc_col-sm-12 vc_col-lg-6 vc_col-md-6 wpb_column vc_column_container\"><div class=\"vc_column-inner\"><div class=\"wpb_wrapper\">[vc_custom_heading text=&#8221;Skicka en referensbroschyr till din e-post&#8221; font_container=&#8221;tag:h4|text_align:left&#8221; use_theme_fonts=&#8221;yes&#8221;]\n<div class=\"wpcf7 no-js\" id=\"wpcf7-f484-o1\" lang=\"sv-SE\" dir=\"ltr\" data-wpcf7-id=\"484\">\n<div class=\"screen-reader-response\"><p role=\"status\" aria-live=\"polite\" aria-atomic=\"true\"><\/p> <ul><\/ul><\/div>\n<form action=\"\/sv\/wp-json\/wp\/v2\/pages\/561#wpcf7-f484-o1\" method=\"post\" class=\"wpcf7-form init\" aria-label=\"Kontaktformul\u00e4r\" novalidate=\"novalidate\" data-status=\"init\">\n<fieldset class=\"hidden-fields-container\"><input type=\"hidden\" name=\"_wpcf7\" value=\"484\" \/><input type=\"hidden\" name=\"_wpcf7_version\" value=\"6.1.5\" \/><input type=\"hidden\" name=\"_wpcf7_locale\" value=\"sv_SE\" \/><input type=\"hidden\" name=\"_wpcf7_unit_tag\" value=\"wpcf7-f484-o1\" \/><input type=\"hidden\" name=\"_wpcf7_container_post\" value=\"0\" \/><input type=\"hidden\" name=\"_wpcf7_posted_data_hash\" value=\"\" \/>\n<\/fieldset>\n<p><label><span class=\"wpcf7-form-control-wrap\" data-name=\"Namn\"><input size=\"40\" maxlength=\"400\" class=\"wpcf7-form-control wpcf7-text wpcf7-validates-as-required\" aria-required=\"true\" aria-invalid=\"false\" placeholder=\"Namn\" value=\"\" type=\"text\" name=\"Namn\" \/><\/span><\/label>\n<\/p>\n<p><label><span class=\"wpcf7-form-control-wrap\" data-name=\"Foretag\"><input size=\"40\" maxlength=\"400\" class=\"wpcf7-form-control wpcf7-text wpcf7-validates-as-required\" aria-required=\"true\" aria-invalid=\"false\" placeholder=\"F\u00f6retag\" value=\"\" type=\"text\" name=\"Foretag\" \/><\/span><\/label>\n<\/p>\n<p><label><span class=\"wpcf7-form-control-wrap\" data-name=\"epost\"><input size=\"40\" maxlength=\"400\" class=\"wpcf7-form-control wpcf7-email wpcf7-validates-as-required wpcf7-text wpcf7-validates-as-email\" aria-required=\"true\" aria-invalid=\"false\" placeholder=\"E-post\" value=\"\" type=\"email\" name=\"epost\" \/><\/span><\/label>\n<\/p>\n<p><label><span class=\"wpcf7-form-control-wrap\" data-name=\"telefon\"><input size=\"40\" maxlength=\"400\" class=\"wpcf7-form-control wpcf7-tel wpcf7-validates-as-required wpcf7-text wpcf7-validates-as-tel\" aria-required=\"true\" aria-invalid=\"false\" placeholder=\"Telefon\" value=\"\" type=\"tel\" name=\"telefon\" \/><\/span><\/label>\n<\/p>\n<p><strong>Best\u00e4ll broschyr<\/strong><br \/>\n<span class=\"wpcf7-form-control-wrap\" data-name=\"Broschyr\"><span class=\"wpcf7-form-control wpcf7-checkbox\"><span class=\"wpcf7-list-item first last\"><label><input type=\"checkbox\" name=\"Broschyr[]\" value=\"Referensbroschyr\" \/><span class=\"wpcf7-list-item-label\">Referensbroschyr<\/span><\/label><\/span><\/span><\/span>\n<\/p>\n<p><label><span class=\"wpcf7-form-control-wrap\" data-name=\"Meddelande\"><textarea cols=\"40\" rows=\"10\" maxlength=\"2000\" class=\"wpcf7-form-control wpcf7-textarea\" aria-invalid=\"false\" placeholder=\"Meddelande\" name=\"Meddelande\"><\/textarea><\/span><\/label>\n<\/p>\n<p><input class=\"wpcf7-form-control wpcf7-submit has-spinner\" type=\"submit\" value=\"Skicka\" \/>\n<\/p><div class=\"wpcf7-response-output\" aria-hidden=\"true\"><\/div>\n<\/form>\n<\/div>\n<\/div><\/div><\/div><\/div><\/div><\/section>\n","protected":false},"excerpt":{"rendered":"[vc_custom_heading text=\"Infobank\" font_container=\"tag:h1|text_align:left\" use_theme_fonts=\"yes\" el_class=\"varjo\"][vc_custom_heading text=\"Ladda ner PDF\" font_container=\"tag:h4|text_align:left\" use_theme_fonts=\"yes\"] Broschyr \u2013 Ylivoimaiset pinnoitteet laserilla (finska) Broschyr \u2013 \u00d6verl\u00e4gsen laserp\u00e5svetsning (svenska) Broschyr \u2013 Superb coatings with laser (engelska) LCC &#8211; Laser Coating Centre (ryska) Process basics (engelska) Artikel &#8211; Laserpinnoitteella lis\u00e4\u00e4 kilpailukyky\u00e4 (finska) [vc_custom_heading text=\"Skicka en referensbroschyr till din e-post\" font_container=\"tag:h4|text_align:left\" use_theme_fonts=\"yes\"] Best\u00e4ll broschyr Referensbroschyr","protected":false},"author":7,"featured_media":0,"parent":0,"menu_order":7,"comment_status":"closed","ping_status":"closed","template":"","meta":{"footnotes":""},"class_list":["post-561","page","type-page","status-publish","hentry"],"yoast_head":"<!-- This site is optimized with the Yoast SEO plugin v26.9 - https:\/\/yoast.com\/product\/yoast-seo-wordpress\/ -->\n<title>Infobank - Kokkola LCC Oy<\/title>\n<meta name=\"description\" content=\"Laser cladding f\u00f6r industriell tillverkning och underh\u00e5ll.\" \/>\n<meta name=\"robots\" content=\"index, follow, max-snippet:-1, max-image-preview:large, max-video-preview:-1\" \/>\n<link rel=\"canonical\" href=\"https:\/\/lcc.fi\/sv\/infobank\/\" \/>\n<meta property=\"og:locale\" content=\"sv_SE\" \/>\n<meta property=\"og:type\" content=\"article\" \/>\n<meta property=\"og:title\" content=\"Infobank - Kokkola LCC Oy\" \/>\n<meta property=\"og:description\" content=\"Laser cladding f\u00f6r industriell tillverkning och underh\u00e5ll.\" \/>\n<meta property=\"og:url\" content=\"https:\/\/lcc.fi\/sv\/infobank\/\" \/>\n<meta property=\"og:site_name\" content=\"Kokkola LCC Oy\" \/>\n<meta property=\"article:modified_time\" content=\"2024-08-14T12:15:22+00:00\" \/>\n<meta name=\"twitter:card\" content=\"summary_large_image\" \/>\n<meta name=\"twitter:label1\" content=\"Ber\u00e4knad l\u00e4stid\" \/>\n\t<meta name=\"twitter:data1\" content=\"1 minut\" \/>\n<script type=\"application\/ld+json\" class=\"yoast-schema-graph\">{\"@context\":\"https:\/\/schema.org\",\"@graph\":[{\"@type\":\"WebPage\",\"@id\":\"https:\/\/lcc.fi\/sv\/infobank\/\",\"url\":\"https:\/\/lcc.fi\/sv\/infobank\/\",\"name\":\"Infobank - Kokkola LCC Oy\",\"isPartOf\":{\"@id\":\"https:\/\/lcc.fi\/#website\"},\"datePublished\":\"2021-01-23T12:08:09+00:00\",\"dateModified\":\"2024-08-14T12:15:22+00:00\",\"description\":\"Laser cladding f\u00f6r industriell tillverkning och underh\u00e5ll.\",\"breadcrumb\":{\"@id\":\"https:\/\/lcc.fi\/sv\/infobank\/#breadcrumb\"},\"inLanguage\":\"sv-SE\",\"potentialAction\":[{\"@type\":\"ReadAction\",\"target\":[\"https:\/\/lcc.fi\/sv\/infobank\/\"]}]},{\"@type\":\"BreadcrumbList\",\"@id\":\"https:\/\/lcc.fi\/sv\/infobank\/#breadcrumb\",\"itemListElement\":[{\"@type\":\"ListItem\",\"position\":1,\"name\":\"Home\",\"item\":\"https:\/\/lcc.fi\/sv\/\"},{\"@type\":\"ListItem\",\"position\":2,\"name\":\"Infobank\"}]},{\"@type\":\"WebSite\",\"@id\":\"https:\/\/lcc.fi\/#website\",\"url\":\"https:\/\/lcc.fi\/\",\"name\":\"Kokkola LCC Oy\",\"description\":\"Laserpinnoitukset teollisuuteen\",\"potentialAction\":[{\"@type\":\"SearchAction\",\"target\":{\"@type\":\"EntryPoint\",\"urlTemplate\":\"https:\/\/lcc.fi\/?s={search_term_string}\"},\"query-input\":{\"@type\":\"PropertyValueSpecification\",\"valueRequired\":true,\"valueName\":\"search_term_string\"}}],\"inLanguage\":\"sv-SE\"}]}<\/script>\n<!-- \/ Yoast SEO plugin. -->","yoast_head_json":{"title":"Infobank - Kokkola LCC Oy","description":"Laser cladding f\u00f6r industriell tillverkning och underh\u00e5ll.","robots":{"index":"index","follow":"follow","max-snippet":"max-snippet:-1","max-image-preview":"max-image-preview:large","max-video-preview":"max-video-preview:-1"},"canonical":"https:\/\/lcc.fi\/sv\/infobank\/","og_locale":"sv_SE","og_type":"article","og_title":"Infobank - Kokkola LCC Oy","og_description":"Laser cladding f\u00f6r industriell tillverkning och underh\u00e5ll.","og_url":"https:\/\/lcc.fi\/sv\/infobank\/","og_site_name":"Kokkola LCC Oy","article_modified_time":"2024-08-14T12:15:22+00:00","twitter_card":"summary_large_image","twitter_misc":{"Ber\u00e4knad l\u00e4stid":"1 minut"},"schema":{"@context":"https:\/\/schema.org","@graph":[{"@type":"WebPage","@id":"https:\/\/lcc.fi\/sv\/infobank\/","url":"https:\/\/lcc.fi\/sv\/infobank\/","name":"Infobank - Kokkola LCC Oy","isPartOf":{"@id":"https:\/\/lcc.fi\/#website"},"datePublished":"2021-01-23T12:08:09+00:00","dateModified":"2024-08-14T12:15:22+00:00","description":"Laser cladding f\u00f6r industriell tillverkning och underh\u00e5ll.","breadcrumb":{"@id":"https:\/\/lcc.fi\/sv\/infobank\/#breadcrumb"},"inLanguage":"sv-SE","potentialAction":[{"@type":"ReadAction","target":["https:\/\/lcc.fi\/sv\/infobank\/"]}]},{"@type":"BreadcrumbList","@id":"https:\/\/lcc.fi\/sv\/infobank\/#breadcrumb","itemListElement":[{"@type":"ListItem","position":1,"name":"Home","item":"https:\/\/lcc.fi\/sv\/"},{"@type":"ListItem","position":2,"name":"Infobank"}]},{"@type":"WebSite","@id":"https:\/\/lcc.fi\/#website","url":"https:\/\/lcc.fi\/","name":"Kokkola LCC Oy","description":"Laserpinnoitukset teollisuuteen","potentialAction":[{"@type":"SearchAction","target":{"@type":"EntryPoint","urlTemplate":"https:\/\/lcc.fi\/?s={search_term_string}"},"query-input":{"@type":"PropertyValueSpecification","valueRequired":true,"valueName":"search_term_string"}}],"inLanguage":"sv-SE"}]}},"_links":{"self":[{"href":"https:\/\/lcc.fi\/sv\/wp-json\/wp\/v2\/pages\/561","targetHints":{"allow":["GET"]}}],"collection":[{"href":"https:\/\/lcc.fi\/sv\/wp-json\/wp\/v2\/pages"}],"about":[{"href":"https:\/\/lcc.fi\/sv\/wp-json\/wp\/v2\/types\/page"}],"author":[{"embeddable":true,"href":"https:\/\/lcc.fi\/sv\/wp-json\/wp\/v2\/users\/7"}],"replies":[{"embeddable":true,"href":"https:\/\/lcc.fi\/sv\/wp-json\/wp\/v2\/comments?post=561"}],"version-history":[{"count":8,"href":"https:\/\/lcc.fi\/sv\/wp-json\/wp\/v2\/pages\/561\/revisions"}],"predecessor-version":[{"id":896,"href":"https:\/\/lcc.fi\/sv\/wp-json\/wp\/v2\/pages\/561\/revisions\/896"}],"wp:attachment":[{"href":"https:\/\/lcc.fi\/sv\/wp-json\/wp\/v2\/media?parent=561"}],"curies":[{"name":"wp","href":"https:\/\/api.w.org\/{rel}","templated":true}]}}