{"id":530,"date":"2021-01-22T13:56:32","date_gmt":"2021-01-22T13:56:32","guid":{"rendered":"https:\/\/lcc.fi\/yritys\/"},"modified":"2025-12-04T13:50:48","modified_gmt":"2025-12-04T13:50:48","slug":"foretag","status":"publish","type":"page","link":"https:\/\/lcc.fi\/sv\/foretag\/","title":{"rendered":"F\u00f6retag"},"content":{"rendered":"<section class=\"l-section wpb_row height_auto color_primary with_img\"><div class=\"l-section-img\" style=\"background-image: url(https:\/\/lcc.fi\/wp-content\/uploads\/LCC-laser.jpg);background-position: center right;background-repeat: no-repeat;\" data-img-width=\"1920\" data-img-height=\"1080\"><\/div><div class=\"l-section-h i-cf\"><div class=\"g-cols vc_row type_default valign_top\"><div class=\"vc_col-sm-12 vc_col-lg-8 vc_col-md-8 wpb_column vc_column_container\"><div class=\"vc_column-inner\"><div class=\"wpb_wrapper\"><div class=\"w-separator size_custom\" style=\"height:80px\"><\/div>[vc_custom_heading text=&#8221;Kokkola LCC Oy&#8221; font_container=&#8221;tag:h1|text_align:left&#8221; use_theme_fonts=&#8221;yes&#8221; el_class=&#8221;varjo&#8221;]<div class=\"wpb_text_column ingressi\" ><div class=\"wpb_wrapper\"><p>Experttj\u00e4nster inom laserp\u00e5svetsning sedan 2000 \u2013 f\u00f6r kunder inom verkstads-, metall-, energi-, sj\u00f6farts-, gruv-, jordschaktnings- och processindustrin.<\/p>\n<\/div><\/div><div class=\"w-separator size_custom\" style=\"height:80px\"><\/div><\/div><\/div><\/div><div class=\"vc_col-sm-4 vc_hidden-sm vc_hidden-xs wpb_column vc_column_container\"><div class=\"vc_column-inner\"><div class=\"wpb_wrapper\"><\/div><\/div><\/div><\/div><\/div><\/section><section class=\"l-section wpb_row height_large\"><div class=\"l-section-h i-cf\"><div class=\"g-cols vc_row type_default valign_top\"><div class=\"vc_col-sm-2 vc_hidden-sm vc_hidden-xs wpb_column vc_column_container\"><div class=\"vc_column-inner\"><div class=\"wpb_wrapper\"><\/div><\/div><\/div><div class=\"vc_col-sm-12 vc_col-lg-8 vc_col-md-8 wpb_column vc_column_container\"><div class=\"vc_column-inner\"><div class=\"wpb_wrapper\"><div class=\"wpb_text_column\" ><div class=\"wpb_wrapper\"><p>Tack vare v\u00e5r maskinpark kan vi erbjuda v\u00e5ra kunder en helt\u00e4ckande service, fr\u00e5n p\u00e5svetsning till f\u00e4rdig produkt. Vid laserp\u00e5svetsning sm\u00e4lts ren metall eller legeringspulver p\u00e5 komponenten f\u00f6r att skydda ytan mot korrosion och slitage. Metoden kan anv\u00e4ndas b\u00e5de p\u00e5 nya komponenter och p\u00e5 befintliga komponenter som beh\u00f6ver underh\u00e5ll. Laserp\u00e5svetsning skapar en fullst\u00e4ndig metallurgisk f\u00f6rening med grundmaterialet, vilket ger ytan h\u00f6g kvalitet och f\u00f6rl\u00e4nger komponentens livsl\u00e4ngd.<\/p>\n<\/div><\/div><div class=\"w-separator size_custom\" style=\"height:55px\"><\/div><div class=\"g-cols wpb_row  type_default valign_top vc_inner\"><div class=\"vc_col-sm-6 wpb_column vc_column_container\"><div class=\"vc_column-inner\"><div class=\"wpb_wrapper\"><div class=\"w-image us_custom_822bf149 align_none\"><div class=\"w-image-h\"><img loading=\"lazy\" decoding=\"async\" width=\"800\" height=\"533\" src=\"https:\/\/lcc.fi\/wp-content\/uploads\/LCC-liput.jpg\" class=\"attachment-large size-large\" alt=\"LCC liput\" srcset=\"https:\/\/lcc.fi\/wp-content\/uploads\/LCC-liput.jpg 800w, https:\/\/lcc.fi\/wp-content\/uploads\/LCC-liput-300x200.jpg 300w\" sizes=\"auto, (max-width: 800px) 100vw, 800px\" \/><\/div><\/div><\/div><\/div><\/div><div class=\"vc_col-sm-6 wpb_column vc_column_container\"><div class=\"vc_column-inner\"><div class=\"wpb_wrapper\">[vc_custom_heading text=&#8221;F\u00f6retagsinformation &#8221; font_container=&#8221;tag:h6|text_align:left&#8221; use_theme_fonts=&#8221;yes&#8221;]<div class=\"wpb_text_column\" ><div class=\"wpb_wrapper\"><ul>\n<li>Personal\u00e4gt<\/li>\n<li>Verksamt b\u00e5de nationellt och p\u00e5 exportmarknaden.<\/li>\n<\/ul>\n<\/div><\/div><div class=\"w-separator size_small\"><\/div>[vc_custom_heading text=&#8221;Samarbetspartners&#8221; font_container=&#8221;tag:h6|text_align:left&#8221; use_theme_fonts=&#8221;yes&#8221;]<div class=\"wpb_text_column\" ><div class=\"wpb_wrapper\"><ul>\n<li>Tammerfors tekniska universitet<\/li>\n<li>Business Finland<\/li>\n<\/ul>\n<\/div><\/div><\/div><\/div><\/div><\/div><\/div><\/div><\/div><div class=\"vc_col-sm-2 vc_hidden-sm vc_hidden-xs wpb_column vc_column_container\"><div class=\"vc_column-inner\"><div class=\"wpb_wrapper\"><\/div><\/div><\/div><\/div><\/div><\/section><section class=\"l-section wpb_row height_large color_primary wm-values-section with_img\"><div class=\"l-section-img\" style=\"background-image: url(https:\/\/lcc.fi\/wp-content\/uploads\/Group-20.jpg);background-repeat: no-repeat;\" data-img-width=\"1920\" data-img-height=\"806\"><\/div><div class=\"l-section-h i-cf\"><div class=\"g-cols vc_row type_default valign_top\"><div class=\"vc_col-sm-12 wpb_column vc_column_container\"><div class=\"vc_column-inner\"><div class=\"wpb_wrapper\"><div class=\"wpb_text_column us_custom_70facfb4\" ><div class=\"wpb_wrapper\"><h4 class=\"h3\">V\u00e5ra v\u00e4rderingar<\/h4>\n<\/div><\/div><div class=\"g-cols wpb_row  type_default valign_top gap-3rem vc_inner\"><style>.g-cols.gap-3rem{margin:0 calc(-1.5rem - 3rem)}.gap-3rem > .vc_column_container {padding:3rem}<\/style><div class=\"vc_col-sm-6 wpb_column vc_column_container\"><div class=\"vc_column-inner\"><div class=\"wpb_wrapper\"><div class=\"wpb_text_column\" ><div class=\"wpb_wrapper\"><h6>ANSVAR<\/h6>\n<p>V\u00e5r verksamhet st\u00f6djer h\u00e5llbar utveckling. Komponenter som behandlas med laserp\u00e5svetsning har en l\u00e4ngre livscykel \u00e4n originalprodukten. Av den el vi anv\u00e4nder produceras 20 procent med hj\u00e4lp av solpaneler. <\/p>\n<\/div><\/div><\/div><\/div><\/div><div class=\"vc_col-sm-6 wpb_column vc_column_container\"><div class=\"vc_column-inner\"><div class=\"wpb_wrapper\"><div class=\"wpb_text_column\" ><div class=\"wpb_wrapper\"><h6>RESPEKT<\/h6>\n<p><span style=\"font-weight: 400;\">Vi \u00e4r engagerade i j\u00e4mst\u00e4lldhet och etiska principer som motverkar rasism. Vi v\u00e4rdes\u00e4tter v\u00e5ra medarbetare och kunder och tar deras \u00e5sikter p\u00e5 allvar.<\/span><\/p>\n<\/div><\/div><\/div><\/div><\/div><\/div><div class=\"g-cols wpb_row  type_default valign_top gap-3rem vc_inner\"><style>.g-cols.gap-3rem{margin:0 calc(-1.5rem - 3rem)}.gap-3rem > .vc_column_container {padding:3rem}<\/style><div class=\"vc_col-sm-6 wpb_column vc_column_container\"><div class=\"vc_column-inner\"><div class=\"wpb_wrapper\"><div class=\"wpb_text_column\" ><div class=\"wpb_wrapper\"><h6>KREATIVITET<\/h6>\n<p>Vi r\u00e4ds inte att ta oss an utmaningar. Eftersom komponenterna vi ytbehandlar varierar i storlek fr\u00e5n 1 kg till 65 ton kr\u00e4vs b\u00e5de uppfinningsrikedom och kreativitet f\u00f6r att hitta de b\u00e4sta l\u00f6sningarna.<\/p>\n<\/div><\/div><\/div><\/div><\/div><div class=\"vc_col-sm-6 wpb_column vc_column_container\"><div class=\"vc_column-inner\"><div class=\"wpb_wrapper\"><div class=\"wpb_text_column\" ><div class=\"wpb_wrapper\"><h6>MOD<\/h6>\n<p>Vi har f\u00f6rm\u00e5gan och modet att ta oss an olika utmaningar och m\u00f6ta kundernas krav. Trots att vi \u00e4r ett litet f\u00f6retag har vi v\u00e5gat satsa p\u00e5 export utanf\u00f6r Finlands gr\u00e4nser. Exporten st\u00e5r f\u00f6r cirka 20 procent av v\u00e5r verksamhet och har breddat v\u00e5r f\u00f6rst\u00e5else f\u00f6r olika kulturer och kundbehov.<\/p>\n<\/div><\/div><\/div><\/div><\/div><\/div><div class=\"w-btn-wrapper width_auto align_left\"><a class=\"w-btn us-btn-style_1 us_custom_173c0608\" href=\"https:\/\/lcc.fi\/sv\/kontaktuppgifter\/\"><span class=\"w-btn-label\">Ta kontakt<\/span><\/a><\/div><\/div><\/div><\/div><\/div><\/div><\/section>\n","protected":false},"excerpt":{"rendered":"[vc_custom_heading text=\"Kokkola LCC Oy\" font_container=\"tag:h1|text_align:left\" use_theme_fonts=\"yes\" el_class=\"varjo\"]Experttj\u00e4nster inom laserp\u00e5svetsning sedan 2000 \u2013 f\u00f6r kunder inom verkstads-, metall-, energi-, sj\u00f6farts-, gruv-, jordschaktnings- och processindustrin. Tack vare v\u00e5r maskinpark kan vi erbjuda v\u00e5ra kunder en helt\u00e4ckande service, fr\u00e5n p\u00e5svetsning till f\u00e4rdig produkt. Vid laserp\u00e5svetsning sm\u00e4lts ren metall eller legeringspulver p\u00e5 komponenten f\u00f6r att skydda ytan mot korrosion...","protected":false},"author":7,"featured_media":0,"parent":0,"menu_order":4,"comment_status":"closed","ping_status":"closed","template":"","meta":{"footnotes":""},"class_list":["post-530","page","type-page","status-publish","hentry"],"yoast_head":"<!-- This site is optimized with the Yoast SEO plugin v26.9 - https:\/\/yoast.com\/product\/yoast-seo-wordpress\/ -->\n<title>F\u00f6retag - Kokkola LCC Oy<\/title>\n<meta name=\"description\" content=\"Vi erbjuder laserytbehandlings- och expertistj\u00e4nster till verkstadmekanik, verkstads-, metall-, energi-, och processindustrikunder.\" \/>\n<meta name=\"robots\" content=\"index, follow, max-snippet:-1, max-image-preview:large, max-video-preview:-1\" \/>\n<link rel=\"canonical\" href=\"https:\/\/lcc.fi\/sv\/foretag\/\" \/>\n<meta property=\"og:locale\" content=\"sv_SE\" \/>\n<meta property=\"og:type\" content=\"article\" \/>\n<meta property=\"og:title\" content=\"F\u00f6retag - Kokkola LCC Oy\" \/>\n<meta property=\"og:description\" content=\"Vi erbjuder laserytbehandlings- och expertistj\u00e4nster till verkstadmekanik, verkstads-, metall-, energi-, och processindustrikunder.\" \/>\n<meta property=\"og:url\" content=\"https:\/\/lcc.fi\/sv\/foretag\/\" \/>\n<meta property=\"og:site_name\" content=\"Kokkola LCC Oy\" \/>\n<meta property=\"article:modified_time\" content=\"2025-12-04T13:50:48+00:00\" \/>\n<meta name=\"twitter:card\" content=\"summary_large_image\" \/>\n<meta name=\"twitter:label1\" content=\"Ber\u00e4knad l\u00e4stid\" \/>\n\t<meta name=\"twitter:data1\" content=\"3 minuter\" \/>\n<script type=\"application\/ld+json\" class=\"yoast-schema-graph\">{\"@context\":\"https:\/\/schema.org\",\"@graph\":[{\"@type\":\"WebPage\",\"@id\":\"https:\/\/lcc.fi\/sv\/foretag\/\",\"url\":\"https:\/\/lcc.fi\/sv\/foretag\/\",\"name\":\"F\u00f6retag - Kokkola LCC Oy\",\"isPartOf\":{\"@id\":\"https:\/\/lcc.fi\/#website\"},\"datePublished\":\"2021-01-22T13:56:32+00:00\",\"dateModified\":\"2025-12-04T13:50:48+00:00\",\"description\":\"Vi erbjuder laserytbehandlings- och expertistj\u00e4nster till verkstadmekanik, verkstads-, metall-, energi-, och processindustrikunder.\",\"breadcrumb\":{\"@id\":\"https:\/\/lcc.fi\/sv\/foretag\/#breadcrumb\"},\"inLanguage\":\"sv-SE\",\"potentialAction\":[{\"@type\":\"ReadAction\",\"target\":[\"https:\/\/lcc.fi\/sv\/foretag\/\"]}]},{\"@type\":\"BreadcrumbList\",\"@id\":\"https:\/\/lcc.fi\/sv\/foretag\/#breadcrumb\",\"itemListElement\":[{\"@type\":\"ListItem\",\"position\":1,\"name\":\"Home\",\"item\":\"https:\/\/lcc.fi\/sv\/\"},{\"@type\":\"ListItem\",\"position\":2,\"name\":\"F\u00f6retag\"}]},{\"@type\":\"WebSite\",\"@id\":\"https:\/\/lcc.fi\/#website\",\"url\":\"https:\/\/lcc.fi\/\",\"name\":\"Kokkola LCC Oy\",\"description\":\"Laserpinnoitukset teollisuuteen\",\"potentialAction\":[{\"@type\":\"SearchAction\",\"target\":{\"@type\":\"EntryPoint\",\"urlTemplate\":\"https:\/\/lcc.fi\/?s={search_term_string}\"},\"query-input\":{\"@type\":\"PropertyValueSpecification\",\"valueRequired\":true,\"valueName\":\"search_term_string\"}}],\"inLanguage\":\"sv-SE\"}]}<\/script>\n<!-- \/ Yoast SEO plugin. -->","yoast_head_json":{"title":"F\u00f6retag - Kokkola LCC Oy","description":"Vi erbjuder laserytbehandlings- och expertistj\u00e4nster till verkstadmekanik, verkstads-, metall-, energi-, och processindustrikunder.","robots":{"index":"index","follow":"follow","max-snippet":"max-snippet:-1","max-image-preview":"max-image-preview:large","max-video-preview":"max-video-preview:-1"},"canonical":"https:\/\/lcc.fi\/sv\/foretag\/","og_locale":"sv_SE","og_type":"article","og_title":"F\u00f6retag - Kokkola LCC Oy","og_description":"Vi erbjuder laserytbehandlings- och expertistj\u00e4nster till verkstadmekanik, verkstads-, metall-, energi-, och processindustrikunder.","og_url":"https:\/\/lcc.fi\/sv\/foretag\/","og_site_name":"Kokkola LCC Oy","article_modified_time":"2025-12-04T13:50:48+00:00","twitter_card":"summary_large_image","twitter_misc":{"Ber\u00e4knad l\u00e4stid":"3 minuter"},"schema":{"@context":"https:\/\/schema.org","@graph":[{"@type":"WebPage","@id":"https:\/\/lcc.fi\/sv\/foretag\/","url":"https:\/\/lcc.fi\/sv\/foretag\/","name":"F\u00f6retag - Kokkola LCC Oy","isPartOf":{"@id":"https:\/\/lcc.fi\/#website"},"datePublished":"2021-01-22T13:56:32+00:00","dateModified":"2025-12-04T13:50:48+00:00","description":"Vi erbjuder laserytbehandlings- och expertistj\u00e4nster till verkstadmekanik, verkstads-, metall-, energi-, och processindustrikunder.","breadcrumb":{"@id":"https:\/\/lcc.fi\/sv\/foretag\/#breadcrumb"},"inLanguage":"sv-SE","potentialAction":[{"@type":"ReadAction","target":["https:\/\/lcc.fi\/sv\/foretag\/"]}]},{"@type":"BreadcrumbList","@id":"https:\/\/lcc.fi\/sv\/foretag\/#breadcrumb","itemListElement":[{"@type":"ListItem","position":1,"name":"Home","item":"https:\/\/lcc.fi\/sv\/"},{"@type":"ListItem","position":2,"name":"F\u00f6retag"}]},{"@type":"WebSite","@id":"https:\/\/lcc.fi\/#website","url":"https:\/\/lcc.fi\/","name":"Kokkola LCC Oy","description":"Laserpinnoitukset teollisuuteen","potentialAction":[{"@type":"SearchAction","target":{"@type":"EntryPoint","urlTemplate":"https:\/\/lcc.fi\/?s={search_term_string}"},"query-input":{"@type":"PropertyValueSpecification","valueRequired":true,"valueName":"search_term_string"}}],"inLanguage":"sv-SE"}]}},"_links":{"self":[{"href":"https:\/\/lcc.fi\/sv\/wp-json\/wp\/v2\/pages\/530","targetHints":{"allow":["GET"]}}],"collection":[{"href":"https:\/\/lcc.fi\/sv\/wp-json\/wp\/v2\/pages"}],"about":[{"href":"https:\/\/lcc.fi\/sv\/wp-json\/wp\/v2\/types\/page"}],"author":[{"embeddable":true,"href":"https:\/\/lcc.fi\/sv\/wp-json\/wp\/v2\/users\/7"}],"replies":[{"embeddable":true,"href":"https:\/\/lcc.fi\/sv\/wp-json\/wp\/v2\/comments?post=530"}],"version-history":[{"count":9,"href":"https:\/\/lcc.fi\/sv\/wp-json\/wp\/v2\/pages\/530\/revisions"}],"predecessor-version":[{"id":1114,"href":"https:\/\/lcc.fi\/sv\/wp-json\/wp\/v2\/pages\/530\/revisions\/1114"}],"wp:attachment":[{"href":"https:\/\/lcc.fi\/sv\/wp-json\/wp\/v2\/media?parent=530"}],"curies":[{"name":"wp","href":"https:\/\/api.w.org\/{rel}","templated":true}]}}