{"id":513,"date":"2021-01-22T15:18:34","date_gmt":"2021-01-22T15:18:34","guid":{"rendered":"https:\/\/lcc.fi\/laatu-ja-ymparisto\/"},"modified":"2025-12-05T08:34:22","modified_gmt":"2025-12-05T08:34:22","slug":"kvalitet-och-miljopolitik","status":"publish","type":"page","link":"https:\/\/lcc.fi\/sv\/kvalitet-och-miljopolitik\/","title":{"rendered":"Kvalitet- och milj\u00f6politik"},"content":{"rendered":"<section class=\"l-section wpb_row height_auto color_primary with_img\"><div class=\"l-section-img\" style=\"background-image: url(https:\/\/lcc.fi\/wp-content\/uploads\/ymparisto.jpg);background-position: center right;background-repeat: no-repeat;\" data-img-width=\"1920\" data-img-height=\"1080\"><\/div><div class=\"l-section-h i-cf\"><div class=\"g-cols vc_row type_default valign_top\"><div class=\"vc_col-sm-12 vc_col-lg-8 vc_col-md-8 wpb_column vc_column_container\"><div class=\"vc_column-inner\"><div class=\"wpb_wrapper\"><div class=\"w-separator size_custom\" style=\"height:80px\"><\/div>[vc_custom_heading text=&#8221;Kvalitet- och milj\u00f6politik&#8221; font_container=&#8221;tag:h1|text_align:left&#8221; use_theme_fonts=&#8221;yes&#8221; el_class=&#8221;varjo&#8221;]<div class=\"wpb_text_column ingressi\" ><div class=\"wpb_wrapper\"><p>Kokkola LCC Oy har m\u00e5l att vara ett l\u00f6nsamt och konkurrenskraftigt f\u00f6retag. Vi levererar v\u00e5ra kunder felfria produkter och tj\u00e4nster.<\/p>\n<\/div><\/div><div class=\"w-separator size_custom\" style=\"height:80px\"><\/div><\/div><\/div><\/div><div class=\"vc_col-sm-4 vc_hidden-sm vc_hidden-xs wpb_column vc_column_container\"><div class=\"vc_column-inner\"><div class=\"wpb_wrapper\"><\/div><\/div><\/div><\/div><\/div><\/section><section class=\"l-section wpb_row height_large\"><div class=\"l-section-h i-cf\"><div class=\"g-cols vc_row type_default valign_top\"><div class=\"vc_col-sm-2 vc_hidden-sm vc_hidden-xs wpb_column vc_column_container\"><div class=\"vc_column-inner\"><div class=\"wpb_wrapper\"><\/div><\/div><\/div><div class=\"vc_col-sm-12 vc_col-lg-8 vc_col-md-8 wpb_column vc_column_container\"><div class=\"vc_column-inner\"><div class=\"wpb_wrapper\"><div class=\"wpb_text_column\" ><div class=\"wpb_wrapper\"><p>V\u00e5r yrkeskunniga personal k\u00e4nner v\u00e5ra kunders kvalitetskrav och ansvarar f\u00f6r att uppfylla dessa g\u00e4llande produkt, betj\u00e4ning.<\/p>\n<p>Hela personalen f\u00f6rbinder sig till snabba och flexibla leveranser. Genom bindning till n\u00e4tverk kan vi betj\u00e4na v\u00e5ra kunder ocks\u00e5 d\u00e5 komponentens m\u00e5tt eller form inte \u00e4r kompatibel med v\u00e5r maskinpark.<\/p>\n<p>Med kontinuerlig utveckling s\u00e4kerst\u00e4ller vi att vi kan svara p\u00e5 f\u00f6r\u00e4nderliga kvalitets- och milj\u00f6fordringar. Vi f\u00f6rs\u00f6ker kontinuerligt utveckla v\u00e5r verksamhet i en alltmer milj\u00f6v\u00e4nlig riktning och vi \u00e4r medvetna om v\u00e5r verksamhets milj\u00f6p\u00e5verkningar. V\u00e5r laserytbehandlingstj\u00e4nst st\u00f6der h\u00e5llbar utveckling och befr\u00e4mjar naturresursernas effektiva anv\u00e4ndning. F\u00f6retagsledningen f\u00f6rbinder sig att producera kvalitetsprodukter enligt r\u00e5dande lagar och f\u00f6rordningar samt med h\u00e4nsyn till milj\u00f6f\u00f6rordningarna. Kvalitets- och milj\u00f6politiken \u00f6vervakas kontinuerligt f\u00f6r att s\u00e4kerst\u00e4lla dess till\u00e4mpning och effektivitet.<\/p>\n<p>Kokkola LCC Oy har som m\u00e5l 0-olycksstatistik. M\u00e5let n\u00e5s genom f\u00f6rebyggande \u00e5tg\u00e4rder och genom att minimera arbetsolycksriskerna och genom att h\u00e5lla arbetsh\u00e4lsov\u00e5rdsverksamheten p\u00e5 en tillr\u00e4ckligt h\u00f6g niv\u00e5.<br \/>\nVi har f\u00f6rbundit oss att f\u00f6lja de etiska principerna f\u00f6r j\u00e4mst\u00e4lldhet, och tar avst\u00e5nd fr\u00e5n rasism och korruption.<\/p>\n<\/div><\/div><div class=\"w-separator size_small\"><\/div>[vc_custom_heading text=&#8221;F\u00f6rl\u00e4ngning av produktens livscykel&#8221; font_container=&#8221;tag:h3|text_align:left&#8221; use_theme_fonts=&#8221;yes&#8221;]<div class=\"wpb_text_column\" ><div class=\"wpb_wrapper\"><p>Genom \u00e5tertillverkning kan resurser bevaras i ekonomin, \u00e4ven n\u00e4r en produkt har n\u00e5tt slutet av sin livsl\u00e4ngd. M\u00e5let \u00e4r att redan fr\u00e5n b\u00f6rjan planera och tillverka produkter s\u00e5 att de kan anv\u00e4ndas och cirkulera s\u00e5 l\u00e4nge som m\u00f6jligt.<\/p>\n<p>Kokkola LCC Oy vill vara delaktiga i att f\u00f6rl\u00e4nga produkters livscykel och v\u00e5r verksamhet vilar starkt p\u00e5 principerna f\u00f6r h\u00e5llbar utveckling. Vid \u00e5tertillverkning bidrar en h\u00f6gkvalitativ aserp\u00e5svetsning till att f\u00f6rl\u00e4nga livsl\u00e4ngden p\u00e5 de komponenter som repareras, till och med s\u00e5 att de h\u00e5ller l\u00e4ngre \u00e4n de ursprungligen var avsedda att g\u00f6ra. Vid nyproduktion ger laserp\u00e5svetsningen ist\u00e4llet komponenten en l\u00e4ngre livsl\u00e4ngd fr\u00e5n b\u00f6rjan. Att maximera produktens livscykel gynnar alla parter samtidigt som naturresurser sparas.<\/p>\n<p>V\u00e5rt f\u00f6retag innehar\u00a0<strong>kvalitetscertifikatet ISO 9001:2015<\/strong>\u00a0och\u00a0<strong>milj\u00f6certifikatet ISO 14001:2015<\/strong>.<\/p>\n<\/div><\/div><div class=\"w-separator size_medium\"><\/div><div class=\"w-btn-wrapper width_auto align_left\"><a class=\"w-btn us-btn-style_1 icon_atleft\" target=\"_blank\" href=\"\/wp-content\/uploads\/Welding_Workshop-approval_WWA00001KS_2024.pdf\" rel=\"noopener\"><i class=\"fas fa-download\"><\/i><span class=\"w-btn-label\">Classification DNV<\/span><\/a><\/div><div class=\"w-btn-wrapper width_auto align_left\"><a class=\"w-btn us-btn-style_1 icon_atleft\" target=\"_blank\" href=\"https:\/\/lcc.fi\/wp-content\/uploads\/iso-9001-and-iso-14001-ENG.pdf\" rel=\"noopener\"><i class=\"fas fa-download\"><\/i><span class=\"w-btn-label\">Laatusertifikaatti ja ymp\u00e4rist\u00f6sertifikaatti<\/span><\/a><\/div><div class=\"w-separator size_medium\"><\/div><div class=\"g-cols wpb_row  type_default valign_middle vc_inner\"><div class=\"vc_col-sm-6 wpb_column vc_column_container\"><div class=\"vc_column-inner\"><div class=\"wpb_wrapper\"><div class=\"w-image align_none\"><a target=\"_blank\" href=\"https:\/\/www.julypartners.com\/our-own-projects\" rel=\"noopener\" aria-label=\"L\u00e4nk\" class=\"w-image-h\"><img loading=\"lazy\" decoding=\"async\" width=\"400\" height=\"134\" src=\"https:\/\/lcc.fi\/wp-content\/uploads\/GCE_400x134_white_landscape.jpg\" class=\"attachment-full size-full\" alt=\"Green Company Effect\" srcset=\"https:\/\/lcc.fi\/wp-content\/uploads\/GCE_400x134_white_landscape.jpg 400w, https:\/\/lcc.fi\/wp-content\/uploads\/GCE_400x134_white_landscape-300x101.jpg 300w\" sizes=\"auto, (max-width: 400px) 100vw, 400px\" \/><\/a><\/div><\/div><\/div><\/div><div class=\"vc_col-sm-6 wpb_column vc_column_container\"><div class=\"vc_column-inner\"><div class=\"wpb_wrapper\"><div class=\"wpb_text_column\" ><div class=\"wpb_wrapper\"><p>Se v\u00e5ra anvarsl\u00f6ften och v\u00e5ra ansvarsfulla handlingar genom att klicka p\u00e5 GCE-logon.<\/p>\n<\/div><\/div><\/div><\/div><\/div><\/div><\/div><\/div><\/div><div class=\"vc_col-sm-2 vc_hidden-sm vc_hidden-xs wpb_column vc_column_container\"><div class=\"vc_column-inner\"><div class=\"wpb_wrapper\"><\/div><\/div><\/div><\/div><\/div><\/section><section class=\"l-section wpb_row us_custom_9d1e26d6 height_large\"><div class=\"l-section-h i-cf\"><div class=\"g-cols vc_row type_default valign_top\"><div class=\"vc_col-sm-12 wpb_column vc_column_container\"><div class=\"vc_column-inner\"><div class=\"wpb_wrapper\"><div class=\"w-separator size_small\"><\/div><\/div><\/div><\/div><\/div><\/div><\/section>\n","protected":false},"excerpt":{"rendered":"[vc_custom_heading text=\"Kvalitet- och milj\u00f6politik\" font_container=\"tag:h1|text_align:left\" use_theme_fonts=\"yes\" el_class=\"varjo\"]Kokkola LCC Oy har m\u00e5l att vara ett l\u00f6nsamt och konkurrenskraftigt f\u00f6retag. Vi levererar v\u00e5ra kunder felfria produkter och tj\u00e4nster. V\u00e5r yrkeskunniga personal k\u00e4nner v\u00e5ra kunders kvalitetskrav och ansvarar f\u00f6r att uppfylla dessa g\u00e4llande produkt, betj\u00e4ning. Hela personalen f\u00f6rbinder sig till snabba och flexibla leveranser. Genom bindning till n\u00e4tverk...","protected":false},"author":7,"featured_media":0,"parent":0,"menu_order":5,"comment_status":"closed","ping_status":"closed","template":"","meta":{"footnotes":""},"class_list":["post-513","page","type-page","status-publish","hentry"],"yoast_head":"<!-- This site is optimized with the Yoast SEO plugin v26.9 - https:\/\/yoast.com\/product\/yoast-seo-wordpress\/ -->\n<title>Kvalitet- och milj\u00f6politik - Kokkola LCC Oy<\/title>\n<meta name=\"description\" content=\"Kokkola LCC Oy har m\u00e5l att vara ett l\u00f6nsamt och konkurrenskraftigt f\u00f6retag. Vi levererar v\u00e5ra kunder felfria produkter och tj\u00e4nster.\" \/>\n<meta name=\"robots\" content=\"index, follow, max-snippet:-1, max-image-preview:large, max-video-preview:-1\" \/>\n<link rel=\"canonical\" href=\"https:\/\/lcc.fi\/sv\/kvalitet-och-miljopolitik\/\" \/>\n<meta property=\"og:locale\" content=\"sv_SE\" \/>\n<meta property=\"og:type\" content=\"article\" \/>\n<meta property=\"og:title\" content=\"Kvalitet- och milj\u00f6politik - Kokkola LCC Oy\" \/>\n<meta property=\"og:description\" content=\"Kokkola LCC Oy har m\u00e5l att vara ett l\u00f6nsamt och konkurrenskraftigt f\u00f6retag. Vi levererar v\u00e5ra kunder felfria produkter och tj\u00e4nster.\" \/>\n<meta property=\"og:url\" content=\"https:\/\/lcc.fi\/sv\/kvalitet-och-miljopolitik\/\" \/>\n<meta property=\"og:site_name\" content=\"Kokkola LCC Oy\" \/>\n<meta property=\"article:modified_time\" content=\"2025-12-05T08:34:22+00:00\" \/>\n<meta name=\"twitter:card\" content=\"summary_large_image\" \/>\n<meta name=\"twitter:label1\" content=\"Ber\u00e4knad l\u00e4stid\" \/>\n\t<meta name=\"twitter:data1\" content=\"3 minuter\" \/>\n<script type=\"application\/ld+json\" class=\"yoast-schema-graph\">{\"@context\":\"https:\/\/schema.org\",\"@graph\":[{\"@type\":\"WebPage\",\"@id\":\"https:\/\/lcc.fi\/sv\/kvalitet-och-miljopolitik\/\",\"url\":\"https:\/\/lcc.fi\/sv\/kvalitet-och-miljopolitik\/\",\"name\":\"Kvalitet- och milj\u00f6politik - Kokkola LCC Oy\",\"isPartOf\":{\"@id\":\"https:\/\/lcc.fi\/#website\"},\"datePublished\":\"2021-01-22T15:18:34+00:00\",\"dateModified\":\"2025-12-05T08:34:22+00:00\",\"description\":\"Kokkola LCC Oy har m\u00e5l att vara ett l\u00f6nsamt och konkurrenskraftigt f\u00f6retag. Vi levererar v\u00e5ra kunder felfria produkter och tj\u00e4nster.\",\"breadcrumb\":{\"@id\":\"https:\/\/lcc.fi\/sv\/kvalitet-och-miljopolitik\/#breadcrumb\"},\"inLanguage\":\"sv-SE\",\"potentialAction\":[{\"@type\":\"ReadAction\",\"target\":[\"https:\/\/lcc.fi\/sv\/kvalitet-och-miljopolitik\/\"]}]},{\"@type\":\"BreadcrumbList\",\"@id\":\"https:\/\/lcc.fi\/sv\/kvalitet-och-miljopolitik\/#breadcrumb\",\"itemListElement\":[{\"@type\":\"ListItem\",\"position\":1,\"name\":\"Home\",\"item\":\"https:\/\/lcc.fi\/sv\/\"},{\"@type\":\"ListItem\",\"position\":2,\"name\":\"Kvalitet- och milj\u00f6politik\"}]},{\"@type\":\"WebSite\",\"@id\":\"https:\/\/lcc.fi\/#website\",\"url\":\"https:\/\/lcc.fi\/\",\"name\":\"Kokkola LCC Oy\",\"description\":\"Laserpinnoitukset teollisuuteen\",\"potentialAction\":[{\"@type\":\"SearchAction\",\"target\":{\"@type\":\"EntryPoint\",\"urlTemplate\":\"https:\/\/lcc.fi\/?s={search_term_string}\"},\"query-input\":{\"@type\":\"PropertyValueSpecification\",\"valueRequired\":true,\"valueName\":\"search_term_string\"}}],\"inLanguage\":\"sv-SE\"}]}<\/script>\n<!-- \/ Yoast SEO plugin. -->","yoast_head_json":{"title":"Kvalitet- och milj\u00f6politik - Kokkola LCC Oy","description":"Kokkola LCC Oy har m\u00e5l att vara ett l\u00f6nsamt och konkurrenskraftigt f\u00f6retag. Vi levererar v\u00e5ra kunder felfria produkter och tj\u00e4nster.","robots":{"index":"index","follow":"follow","max-snippet":"max-snippet:-1","max-image-preview":"max-image-preview:large","max-video-preview":"max-video-preview:-1"},"canonical":"https:\/\/lcc.fi\/sv\/kvalitet-och-miljopolitik\/","og_locale":"sv_SE","og_type":"article","og_title":"Kvalitet- och milj\u00f6politik - Kokkola LCC Oy","og_description":"Kokkola LCC Oy har m\u00e5l att vara ett l\u00f6nsamt och konkurrenskraftigt f\u00f6retag. Vi levererar v\u00e5ra kunder felfria produkter och tj\u00e4nster.","og_url":"https:\/\/lcc.fi\/sv\/kvalitet-och-miljopolitik\/","og_site_name":"Kokkola LCC Oy","article_modified_time":"2025-12-05T08:34:22+00:00","twitter_card":"summary_large_image","twitter_misc":{"Ber\u00e4knad l\u00e4stid":"3 minuter"},"schema":{"@context":"https:\/\/schema.org","@graph":[{"@type":"WebPage","@id":"https:\/\/lcc.fi\/sv\/kvalitet-och-miljopolitik\/","url":"https:\/\/lcc.fi\/sv\/kvalitet-och-miljopolitik\/","name":"Kvalitet- och milj\u00f6politik - Kokkola LCC Oy","isPartOf":{"@id":"https:\/\/lcc.fi\/#website"},"datePublished":"2021-01-22T15:18:34+00:00","dateModified":"2025-12-05T08:34:22+00:00","description":"Kokkola LCC Oy har m\u00e5l att vara ett l\u00f6nsamt och konkurrenskraftigt f\u00f6retag. Vi levererar v\u00e5ra kunder felfria produkter och tj\u00e4nster.","breadcrumb":{"@id":"https:\/\/lcc.fi\/sv\/kvalitet-och-miljopolitik\/#breadcrumb"},"inLanguage":"sv-SE","potentialAction":[{"@type":"ReadAction","target":["https:\/\/lcc.fi\/sv\/kvalitet-och-miljopolitik\/"]}]},{"@type":"BreadcrumbList","@id":"https:\/\/lcc.fi\/sv\/kvalitet-och-miljopolitik\/#breadcrumb","itemListElement":[{"@type":"ListItem","position":1,"name":"Home","item":"https:\/\/lcc.fi\/sv\/"},{"@type":"ListItem","position":2,"name":"Kvalitet- och milj\u00f6politik"}]},{"@type":"WebSite","@id":"https:\/\/lcc.fi\/#website","url":"https:\/\/lcc.fi\/","name":"Kokkola LCC Oy","description":"Laserpinnoitukset teollisuuteen","potentialAction":[{"@type":"SearchAction","target":{"@type":"EntryPoint","urlTemplate":"https:\/\/lcc.fi\/?s={search_term_string}"},"query-input":{"@type":"PropertyValueSpecification","valueRequired":true,"valueName":"search_term_string"}}],"inLanguage":"sv-SE"}]}},"_links":{"self":[{"href":"https:\/\/lcc.fi\/sv\/wp-json\/wp\/v2\/pages\/513","targetHints":{"allow":["GET"]}}],"collection":[{"href":"https:\/\/lcc.fi\/sv\/wp-json\/wp\/v2\/pages"}],"about":[{"href":"https:\/\/lcc.fi\/sv\/wp-json\/wp\/v2\/types\/page"}],"author":[{"embeddable":true,"href":"https:\/\/lcc.fi\/sv\/wp-json\/wp\/v2\/users\/7"}],"replies":[{"embeddable":true,"href":"https:\/\/lcc.fi\/sv\/wp-json\/wp\/v2\/comments?post=513"}],"version-history":[{"count":15,"href":"https:\/\/lcc.fi\/sv\/wp-json\/wp\/v2\/pages\/513\/revisions"}],"predecessor-version":[{"id":1139,"href":"https:\/\/lcc.fi\/sv\/wp-json\/wp\/v2\/pages\/513\/revisions\/1139"}],"wp:attachment":[{"href":"https:\/\/lcc.fi\/sv\/wp-json\/wp\/v2\/media?parent=513"}],"curies":[{"name":"wp","href":"https:\/\/api.w.org\/{rel}","templated":true}]}}