{"id":479,"date":"2021-01-22T14:17:06","date_gmt":"2021-01-22T14:17:06","guid":{"rendered":"https:\/\/lcc.fi\/yhteys\/"},"modified":"2024-11-15T11:30:13","modified_gmt":"2024-11-15T11:30:13","slug":"kontaktuppgifter","status":"publish","type":"page","link":"https:\/\/lcc.fi\/sv\/kontaktuppgifter\/","title":{"rendered":"Kontaktuppgifter"},"content":{"rendered":"<section class=\"l-section wpb_row height_auto color_primary with_img\"><div class=\"l-section-img\" style=\"background-image: url(https:\/\/lcc.fi\/wp-content\/uploads\/LCC-yhteys.jpg);background-repeat: no-repeat;\" data-img-width=\"1920\" data-img-height=\"1080\"><\/div><div class=\"l-section-h i-cf\"><div class=\"g-cols vc_row type_default valign_top\"><div class=\"vc_col-sm-12 vc_col-lg-8 vc_col-md-8 wpb_column vc_column_container\"><div class=\"vc_column-inner\"><div class=\"wpb_wrapper\"><div class=\"w-separator size_custom\" style=\"height:80px\"><\/div>[vc_custom_heading text=&#8221;Kontaktuppgifter&#8221; font_container=&#8221;tag:h1|text_align:left&#8221; use_theme_fonts=&#8221;yes&#8221; el_class=&#8221;varjo&#8221;]<div class=\"wpb_text_column ingressi\" ><div class=\"wpb_wrapper\"><p>Fr\u00e5ga g\u00e4rna om laserytbehandlingens m\u00f6jligheter eller beg\u00e4r offert p\u00e5 laserytbehandling.<\/p>\n<\/div><\/div><div class=\"w-separator size_custom\" style=\"height:80px\"><\/div><\/div><\/div><\/div><div class=\"vc_col-sm-4 vc_hidden-sm vc_hidden-xs wpb_column vc_column_container\"><div class=\"vc_column-inner\"><div class=\"wpb_wrapper\"><\/div><\/div><\/div><\/div><\/div><\/section><section class=\"l-section wpb_row height_large\"><div class=\"l-section-h i-cf\"><div class=\"g-cols vc_row type_default valign_top\"><div class=\"vc_col-sm-12 wpb_column vc_column_container\"><div class=\"vc_column-inner\"><div class=\"wpb_wrapper\"><div class=\"g-cols wpb_row  type_default valign_top vc_inner\"><div class=\"vc_col-sm-8 wpb_column vc_column_container\"><div class=\"vc_column-inner\"><div class=\"wpb_wrapper\"><div class=\"w-separator size_small\"><\/div><div class=\"wpb_text_column\" ><div class=\"wpb_wrapper\"><p>V\u00e5r webbplats anv\u00e4nder <a href=\"\/cookies\/\">cookies<\/a>.<\/p>\n<\/div><\/div><\/div><\/div><\/div><div class=\"vc_col-sm-4 wpb_column vc_column_container\"><div class=\"vc_column-inner\"><div class=\"wpb_wrapper\">[vc_custom_heading text=&#8221;Kokkola LCC Oy&#8221; font_container=&#8221;tag:h4|text_align:left&#8221; use_theme_fonts=&#8221;yes&#8221;]<div class=\"wpb_text_column\" ><div class=\"wpb_wrapper\"><p>\u00c4ssjegr\u00e4nd 8<br \/>\n67800 Karleby, Finland<br \/>\n<a href=\"tel:+358442626860\">+358 44 262 6860<\/a><br \/>\n<a href=\"mailto:lcc@lcc.fi\">lcc(at)lcc.fi<\/a><\/p>\n<\/div><\/div><div class=\"w-separator size_medium\"><\/div><div class=\"w-socials us_custom_a5c88937 color_brand shape_square style_colored hover_fade\"><div class=\"w-socials-list\" style=\"margin:-0.5rem;\"><div class=\"w-socials-item linkedin\" style=\"padding:0.5rem;\"><a class=\"w-socials-item-link\" href=\"https:\/\/www.linkedin.com\/company\/kokkola-lcc-oy\/\" target=\"_blank\" rel=\"noopener nofollow\" title=\"LinkedIn\" aria-label=\"LinkedIn\"><span class=\"w-socials-item-link-hover\"><\/span><i class=\"fab fa-linkedin\"><\/i><\/a><div class=\"w-socials-item-popup\"><span>LinkedIn<\/span><\/div><\/div><div class=\"w-socials-item youtube\" style=\"padding:0.5rem;\"><a class=\"w-socials-item-link\" href=\"https:\/\/www.youtube.com\/watch?v=GlQp9e9C4VQ&amp;feature=youtu.be\" target=\"_blank\" rel=\"noopener nofollow\" title=\"YouTube\" aria-label=\"YouTube\"><span class=\"w-socials-item-link-hover\"><\/span><i class=\"fab fa-youtube\"><\/i><\/a><div class=\"w-socials-item-popup\"><span>YouTube<\/span><\/div><\/div><\/div><\/div><\/div><\/div><\/div><\/div><div class=\"w-separator size_large\"><\/div><div class=\"g-cols wpb_row  type_default valign_top vc_inner\"><div class=\"vc_col-sm-6 vc_col-lg-3 vc_col-md-3 wpb_column vc_column_container\"><div class=\"vc_column-inner\"><div class=\"wpb_wrapper\"><div class=\"w-image align_none\"><div class=\"w-image-h\"><img loading=\"lazy\" decoding=\"async\" width=\"390\" height=\"390\" src=\"https:\/\/lcc.fi\/wp-content\/uploads\/veli-matti-korpisalo.390x0.jpg\" class=\"attachment-large size-large\" alt=\"Veli-Matti Korpisalo\" srcset=\"https:\/\/lcc.fi\/wp-content\/uploads\/veli-matti-korpisalo.390x0.jpg 390w, https:\/\/lcc.fi\/wp-content\/uploads\/veli-matti-korpisalo.390x0-300x300.jpg 300w, https:\/\/lcc.fi\/wp-content\/uploads\/veli-matti-korpisalo.390x0-150x150.jpg 150w, https:\/\/lcc.fi\/wp-content\/uploads\/veli-matti-korpisalo.390x0-350x350.jpg 350w\" sizes=\"auto, (max-width: 390px) 100vw, 390px\" \/><\/div><\/div><div class=\"w-separator size_small\"><\/div><div class=\"wpb_text_column\" ><div class=\"wpb_wrapper\"><p>F\u00f6rs\u00e4ljningschef<br \/>\n<strong>Veli-Matti Korpisalo<\/strong><br \/>\n<a href=\"tel:+358442626867\">+358 44 262 6867<\/a><br \/>\n<a href=\"mailto:veli-matti.korpisalo@lcc.fi\">veli-matti.korpisalo (at) lcc.fi<\/a><\/p>\n<\/div><\/div><\/div><\/div><\/div><div class=\"vc_col-sm-6 vc_col-lg-3 vc_col-md-3 wpb_column vc_column_container\"><div class=\"vc_column-inner\"><div class=\"wpb_wrapper\"><div class=\"w-image align_none\"><div class=\"w-image-h\"><img loading=\"lazy\" decoding=\"async\" width=\"390\" height=\"390\" src=\"https:\/\/lcc.fi\/wp-content\/uploads\/ilkka-piispanen.390x0.jpg\" class=\"attachment-large size-large\" alt=\"Ilkka Piispanen\" srcset=\"https:\/\/lcc.fi\/wp-content\/uploads\/ilkka-piispanen.390x0.jpg 390w, https:\/\/lcc.fi\/wp-content\/uploads\/ilkka-piispanen.390x0-300x300.jpg 300w, https:\/\/lcc.fi\/wp-content\/uploads\/ilkka-piispanen.390x0-150x150.jpg 150w, https:\/\/lcc.fi\/wp-content\/uploads\/ilkka-piispanen.390x0-350x350.jpg 350w\" sizes=\"auto, (max-width: 390px) 100vw, 390px\" \/><\/div><\/div><div class=\"w-separator size_small\"><\/div><div class=\"wpb_text_column\" ><div class=\"wpb_wrapper\"><p>Produktionschef<br \/>\n<strong>Ilkka Piispanen<\/strong><br \/>\n<a href=\"tel:+358442626861\">+358 44 262 6861<\/a><br \/>\n<a href=\"mailto:ilkka.piispanen@lcc.fi\">ilkka.piispanen (at) lcc.fi<\/a><\/p>\n<\/div><\/div><\/div><\/div><\/div><div class=\"vc_col-sm-6 vc_col-lg-3 vc_col-md-3 wpb_column vc_column_container\"><div class=\"vc_column-inner\"><div class=\"wpb_wrapper\"><div class=\"w-image align_none\"><div class=\"w-image-h\"><img loading=\"lazy\" decoding=\"async\" width=\"390\" height=\"390\" src=\"https:\/\/lcc.fi\/wp-content\/uploads\/seppo-heiskanen.390x0.jpg\" class=\"attachment-large size-large\" alt=\"Seppo Heiskanen\" srcset=\"https:\/\/lcc.fi\/wp-content\/uploads\/seppo-heiskanen.390x0.jpg 390w, https:\/\/lcc.fi\/wp-content\/uploads\/seppo-heiskanen.390x0-300x300.jpg 300w, https:\/\/lcc.fi\/wp-content\/uploads\/seppo-heiskanen.390x0-150x150.jpg 150w, https:\/\/lcc.fi\/wp-content\/uploads\/seppo-heiskanen.390x0-350x350.jpg 350w\" sizes=\"auto, (max-width: 390px) 100vw, 390px\" \/><\/div><\/div><div class=\"w-separator size_small\"><\/div><div class=\"wpb_text_column\" ><div class=\"wpb_wrapper\"><p>Verkst\u00e4llande direkt\u00f6r<br \/>\n<strong>Seppo Heiskanen<\/strong><br \/>\n<a href=\"tel:+358442626860\">+358 44 262 6860<\/a><br \/>\n<a href=\"mailto:seppo.heiskanen@lcc.fi\">seppo.heiskanen (at) lcc.fi<\/a><\/p>\n<\/div><\/div><\/div><\/div><\/div><\/div><div class=\"g-cols wpb_row  us_custom_972c33a7 type_default valign_top vc_inner\"><div class=\"vc_col-sm-6 vc_col-lg-3 vc_col-md-3 wpb_column vc_column_container\"><div class=\"vc_column-inner\"><div class=\"wpb_wrapper\"><div class=\"w-image align_none\"><div class=\"w-image-h\"><img loading=\"lazy\" decoding=\"async\" width=\"1003\" height=\"1024\" src=\"https:\/\/lcc.fi\/wp-content\/uploads\/Henkka-1003x1024.jpg\" class=\"attachment-large size-large\" alt=\"\" srcset=\"https:\/\/lcc.fi\/wp-content\/uploads\/Henkka-1003x1024.jpg 1003w, https:\/\/lcc.fi\/wp-content\/uploads\/Henkka-294x300.jpg 294w\" sizes=\"auto, (max-width: 1003px) 100vw, 1003px\" \/><\/div><\/div><div class=\"w-separator size_small\"><\/div><div class=\"wpb_text_column\" ><div class=\"wpb_wrapper\"><p>Teknisk f\u00f6rs\u00e4ljning<br \/>\n<strong>Henri Haasala<br \/>\n<\/strong><a href=\"tel:+358504112858\">+358 50 411 2858<\/a><br \/>\n<a href=\"mailto:henri.haasala@lcc.fi\">henri.haasala (at) lcc.fi<\/a><\/p>\n<\/div><\/div><\/div><\/div><\/div><\/div><\/div><\/div><\/div><\/div><\/div><\/section><section class=\"l-section wpb_row height_auto\"><div class=\"l-section-h i-cf\"><div class=\"g-cols vc_row type_default valign_top\"><div class=\"vc_col-sm-12 wpb_column vc_column_container\"><div class=\"vc_column-inner\"><div class=\"wpb_wrapper\">[vc_raw_js]JTNDaWZyYW1lJTIwc3JjJTNEJTIyaHR0cHMlM0ElMkYlMkZ3d3cuZ29vZ2xlLmNvbSUyRm1hcHMlMkZlbWJlZCUzRnBiJTNEJTIxMW0xOCUyMTFtMTIlMjExbTMlMjExZDE3NTkuNDg2OTEyODUzNzk2MiUyMTJkMjMuMDgwNjY3MzE2MjU4MyUyMTNkNjMuODMyNjY0OTgzNDU0Mjg2JTIxMm0zJTIxMWYwJTIxMmYwJTIxM2YwJTIxM20yJTIxMWkxMDI0JTIxMmk3NjglMjE0ZjEzLjElMjEzbTMlMjExbTIlMjExczB4NDY4NzQ4YTUxNzlhYmY2MyUyNTNBMHgxYzkyZGE1ODU5NjQ4NmJhJTIxMnNLb2trb2xhJTI1MjBMQ0MlMjUyME9ZJTIxNWUwJTIxM20yJTIxMXNmaSUyMTJzZmklMjE0djE2MTEzMjU4NjU5ODElMjE1bTIlMjExc2ZpJTIxMnNmaSUyMiUyMHdpZHRoJTNEJTIyMTAwJTI1JTIyJTIwaGVpZ2h0JTNEJTIyNDUwJTIyJTIwZnJhbWVib3JkZXIlM0QlMjIwJTIyJTIwc3R5bGUlM0QlMjJib3JkZXIlM0EwJTNCJTIyJTIwYWxsb3dmdWxsc2NyZWVuJTNEJTIyJTIyJTIwYXJpYS1oaWRkZW4lM0QlMjJmYWxzZSUyMiUyMHRhYmluZGV4JTNEJTIyMCUyMiUzRSUzQyUyRmlmcmFtZSUzRQ==[\/vc_raw_js]<div class=\"w-separator size_custom\" style=\"height:85px\"><\/div><\/div><\/div><\/div><\/div><\/div><\/section>\n","protected":false},"excerpt":{"rendered":"[vc_custom_heading text=\"Kontaktuppgifter\" font_container=\"tag:h1|text_align:left\" use_theme_fonts=\"yes\" el_class=\"varjo\"]Fr\u00e5ga g\u00e4rna om laserytbehandlingens m\u00f6jligheter eller beg\u00e4r offert p\u00e5 laserytbehandling. V\u00e5r webbplats anv\u00e4nder cookies. [vc_custom_heading text=\"Kokkola LCC Oy\" font_container=\"tag:h4|text_align:left\" use_theme_fonts=\"yes\"]\u00c4ssjegr\u00e4nd 8 67800 Karleby, Finland +358 44 262 6860 lcc(at)lcc.fi LinkedInYouTubeF\u00f6rs\u00e4ljningschef Veli-Matti Korpisalo +358 44 262 6867 veli-matti.korpisalo (at) lcc.fi Produktionschef Ilkka Piispanen +358 44 262 6861 ilkka.piispanen (at) lcc.fi Verkst\u00e4llande direkt\u00f6r...","protected":false},"author":7,"featured_media":0,"parent":0,"menu_order":8,"comment_status":"closed","ping_status":"closed","template":"","meta":{"footnotes":""},"class_list":["post-479","page","type-page","status-publish","hentry"],"yoast_head":"<!-- This site is optimized with the Yoast SEO plugin v26.9 - https:\/\/yoast.com\/product\/yoast-seo-wordpress\/ -->\n<title>Kontaktuppgifter - Kokkola LCC Oy<\/title>\n<meta name=\"description\" content=\"Fr\u00e5ga g\u00e4rna om laserytbehandlingens m\u00f6jligheter eller beg\u00e4r offert p\u00e5 laserytbehandling.\" \/>\n<meta name=\"robots\" content=\"index, follow, max-snippet:-1, max-image-preview:large, max-video-preview:-1\" \/>\n<link rel=\"canonical\" href=\"https:\/\/lcc.fi\/sv\/kontaktuppgifter\/\" \/>\n<meta property=\"og:locale\" content=\"sv_SE\" \/>\n<meta property=\"og:type\" content=\"article\" \/>\n<meta property=\"og:title\" content=\"Kontaktuppgifter - Kokkola LCC Oy\" \/>\n<meta property=\"og:description\" content=\"Fr\u00e5ga g\u00e4rna om laserytbehandlingens m\u00f6jligheter eller beg\u00e4r offert p\u00e5 laserytbehandling.\" \/>\n<meta property=\"og:url\" content=\"https:\/\/lcc.fi\/sv\/kontaktuppgifter\/\" \/>\n<meta property=\"og:site_name\" content=\"Kokkola LCC Oy\" \/>\n<meta property=\"article:modified_time\" content=\"2024-11-15T11:30:13+00:00\" \/>\n<meta name=\"twitter:card\" content=\"summary_large_image\" \/>\n<meta name=\"twitter:label1\" content=\"Ber\u00e4knad l\u00e4stid\" \/>\n\t<meta name=\"twitter:data1\" content=\"2 minuter\" \/>\n<script type=\"application\/ld+json\" class=\"yoast-schema-graph\">{\"@context\":\"https:\/\/schema.org\",\"@graph\":[{\"@type\":\"WebPage\",\"@id\":\"https:\/\/lcc.fi\/sv\/kontaktuppgifter\/\",\"url\":\"https:\/\/lcc.fi\/sv\/kontaktuppgifter\/\",\"name\":\"Kontaktuppgifter - Kokkola LCC Oy\",\"isPartOf\":{\"@id\":\"https:\/\/lcc.fi\/#website\"},\"datePublished\":\"2021-01-22T14:17:06+00:00\",\"dateModified\":\"2024-11-15T11:30:13+00:00\",\"description\":\"Fr\u00e5ga g\u00e4rna om laserytbehandlingens m\u00f6jligheter eller beg\u00e4r offert p\u00e5 laserytbehandling.\",\"breadcrumb\":{\"@id\":\"https:\/\/lcc.fi\/sv\/kontaktuppgifter\/#breadcrumb\"},\"inLanguage\":\"sv-SE\",\"potentialAction\":[{\"@type\":\"ReadAction\",\"target\":[\"https:\/\/lcc.fi\/sv\/kontaktuppgifter\/\"]}]},{\"@type\":\"BreadcrumbList\",\"@id\":\"https:\/\/lcc.fi\/sv\/kontaktuppgifter\/#breadcrumb\",\"itemListElement\":[{\"@type\":\"ListItem\",\"position\":1,\"name\":\"Home\",\"item\":\"https:\/\/lcc.fi\/sv\/\"},{\"@type\":\"ListItem\",\"position\":2,\"name\":\"Kontaktuppgifter\"}]},{\"@type\":\"WebSite\",\"@id\":\"https:\/\/lcc.fi\/#website\",\"url\":\"https:\/\/lcc.fi\/\",\"name\":\"Kokkola LCC Oy\",\"description\":\"Laserpinnoitukset teollisuuteen\",\"potentialAction\":[{\"@type\":\"SearchAction\",\"target\":{\"@type\":\"EntryPoint\",\"urlTemplate\":\"https:\/\/lcc.fi\/?s={search_term_string}\"},\"query-input\":{\"@type\":\"PropertyValueSpecification\",\"valueRequired\":true,\"valueName\":\"search_term_string\"}}],\"inLanguage\":\"sv-SE\"}]}<\/script>\n<!-- \/ Yoast SEO plugin. -->","yoast_head_json":{"title":"Kontaktuppgifter - Kokkola LCC Oy","description":"Fr\u00e5ga g\u00e4rna om laserytbehandlingens m\u00f6jligheter eller beg\u00e4r offert p\u00e5 laserytbehandling.","robots":{"index":"index","follow":"follow","max-snippet":"max-snippet:-1","max-image-preview":"max-image-preview:large","max-video-preview":"max-video-preview:-1"},"canonical":"https:\/\/lcc.fi\/sv\/kontaktuppgifter\/","og_locale":"sv_SE","og_type":"article","og_title":"Kontaktuppgifter - Kokkola LCC Oy","og_description":"Fr\u00e5ga g\u00e4rna om laserytbehandlingens m\u00f6jligheter eller beg\u00e4r offert p\u00e5 laserytbehandling.","og_url":"https:\/\/lcc.fi\/sv\/kontaktuppgifter\/","og_site_name":"Kokkola LCC Oy","article_modified_time":"2024-11-15T11:30:13+00:00","twitter_card":"summary_large_image","twitter_misc":{"Ber\u00e4knad l\u00e4stid":"2 minuter"},"schema":{"@context":"https:\/\/schema.org","@graph":[{"@type":"WebPage","@id":"https:\/\/lcc.fi\/sv\/kontaktuppgifter\/","url":"https:\/\/lcc.fi\/sv\/kontaktuppgifter\/","name":"Kontaktuppgifter - Kokkola LCC Oy","isPartOf":{"@id":"https:\/\/lcc.fi\/#website"},"datePublished":"2021-01-22T14:17:06+00:00","dateModified":"2024-11-15T11:30:13+00:00","description":"Fr\u00e5ga g\u00e4rna om laserytbehandlingens m\u00f6jligheter eller beg\u00e4r offert p\u00e5 laserytbehandling.","breadcrumb":{"@id":"https:\/\/lcc.fi\/sv\/kontaktuppgifter\/#breadcrumb"},"inLanguage":"sv-SE","potentialAction":[{"@type":"ReadAction","target":["https:\/\/lcc.fi\/sv\/kontaktuppgifter\/"]}]},{"@type":"BreadcrumbList","@id":"https:\/\/lcc.fi\/sv\/kontaktuppgifter\/#breadcrumb","itemListElement":[{"@type":"ListItem","position":1,"name":"Home","item":"https:\/\/lcc.fi\/sv\/"},{"@type":"ListItem","position":2,"name":"Kontaktuppgifter"}]},{"@type":"WebSite","@id":"https:\/\/lcc.fi\/#website","url":"https:\/\/lcc.fi\/","name":"Kokkola LCC Oy","description":"Laserpinnoitukset teollisuuteen","potentialAction":[{"@type":"SearchAction","target":{"@type":"EntryPoint","urlTemplate":"https:\/\/lcc.fi\/?s={search_term_string}"},"query-input":{"@type":"PropertyValueSpecification","valueRequired":true,"valueName":"search_term_string"}}],"inLanguage":"sv-SE"}]}},"_links":{"self":[{"href":"https:\/\/lcc.fi\/sv\/wp-json\/wp\/v2\/pages\/479","targetHints":{"allow":["GET"]}}],"collection":[{"href":"https:\/\/lcc.fi\/sv\/wp-json\/wp\/v2\/pages"}],"about":[{"href":"https:\/\/lcc.fi\/sv\/wp-json\/wp\/v2\/types\/page"}],"author":[{"embeddable":true,"href":"https:\/\/lcc.fi\/sv\/wp-json\/wp\/v2\/users\/7"}],"replies":[{"embeddable":true,"href":"https:\/\/lcc.fi\/sv\/wp-json\/wp\/v2\/comments?post=479"}],"version-history":[{"count":11,"href":"https:\/\/lcc.fi\/sv\/wp-json\/wp\/v2\/pages\/479\/revisions"}],"predecessor-version":[{"id":978,"href":"https:\/\/lcc.fi\/sv\/wp-json\/wp\/v2\/pages\/479\/revisions\/978"}],"wp:attachment":[{"href":"https:\/\/lcc.fi\/sv\/wp-json\/wp\/v2\/media?parent=479"}],"curies":[{"name":"wp","href":"https:\/\/api.w.org\/{rel}","templated":true}]}}