{"id":469,"date":"2019-03-31T08:17:19","date_gmt":"2019-03-31T08:17:19","guid":{"rendered":"https:\/\/lcc.fi\/etusivu\/"},"modified":"2025-12-04T14:19:55","modified_gmt":"2025-12-04T14:19:55","slug":"etusivu","status":"publish","type":"page","link":"https:\/\/lcc.fi\/sv\/","title":{"rendered":"LCC"},"content":{"rendered":"<section class=\"l-section wpb_row height_auto color_primary with_img\"><div class=\"l-section-img\" style=\"background-image: url(https:\/\/lcc.fi\/wp-content\/uploads\/laserpinnoitus.jpg);background-position: top right;background-repeat: no-repeat;\" data-img-width=\"1920\" data-img-height=\"1080\"><\/div><div class=\"l-section-h i-cf\"><div class=\"g-cols vc_row type_default valign_top\"><div class=\"vc_col-sm-12 wpb_column vc_column_container align_center\"><div class=\"vc_column-inner\"><div class=\"wpb_wrapper\"><div class=\"w-separator size_custom\" style=\"height:120px\"><\/div>[vc_custom_heading text=&#8221;laserp\u00e5svetsning&#8221; font_container=&#8221;tag:h1|text_align:center&#8221; use_theme_fonts=&#8221;yes&#8221; el_class=&#8221;varjo&#8221;][vc_custom_heading text=&#8221;verkstads-, metall-, energi-, sj\u00f6farts-, gruv-, jordschaktnings-, processindustrins kunder&#8221; font_container=&#8221;tag:h3|text_align:center&#8221; use_theme_fonts=&#8221;yes&#8221; css=&#8221;%7B%22default%22%3A%7B%22text-align%22%3A%22center%22%2C%22font-weight%22%3A%22600%22%2C%22text-transform%22%3A%22uppercase%22%2C%22font-size%22%3A%2220px%22%2C%22letter-spacing%22%3A%220.05em%22%7D%7D&#8221;]<div class=\"w-separator size_small\"><\/div><div class=\"w-btn-wrapper width_auto align_left\"><a class=\"w-btn us-btn-style_1\" href=\"\/sv\/laserpasvetsning\/\"><span class=\"w-btn-label\">Laserp\u00e5svetsning<\/span><\/a><\/div><div class=\"w-btn-wrapper width_auto align_left\"><a class=\"w-btn us-btn-style_2\" href=\"\/sv\/kontakt\"><span class=\"w-btn-label\">Kontakt<\/span><\/a><\/div><div class=\"w-separator size_custom\" style=\"height:120px\"><\/div><\/div><\/div><\/div><\/div><\/div><\/section><section class=\"l-section wpb_row height_medium\"><div class=\"l-section-h i-cf\"><div class=\"g-cols vc_row type_default valign_top\"><div class=\"vc_col-sm-12 wpb_column vc_column_container\"><div class=\"vc_column-inner\"><div class=\"wpb_wrapper\"><div class=\"g-cols wpb_row  us_custom_90f20810 type_boxes valign_top vc_inner\"><div class=\"vc_col-sm-12 wpb_column vc_column_container\"><div class=\"vc_column-inner\"><div class=\"wpb_wrapper\"><div class=\"w-image align_center\"><div class=\"w-image-h\"><img loading=\"lazy\" decoding=\"async\" width=\"300\" height=\"300\" src=\"https:\/\/lcc.fi\/wp-content\/uploads\/fav-LCC-300x300.png\" class=\"attachment-medium size-medium\" alt=\"Favicon: LCC\" srcset=\"https:\/\/lcc.fi\/wp-content\/uploads\/fav-LCC-300x300.png 300w, https:\/\/lcc.fi\/wp-content\/uploads\/fav-LCC-150x150.png 150w, https:\/\/lcc.fi\/wp-content\/uploads\/fav-LCC-350x350.png 350w, https:\/\/lcc.fi\/wp-content\/uploads\/fav-LCC.png 512w\" sizes=\"auto, (max-width: 300px) 100vw, 300px\" \/><\/div><\/div><div class=\"wpb_text_column ingressi\" ><div class=\"wpb_wrapper\"><p style=\"text-align: center;\">Laserpinnoitteella voidaan k\u00e4ytt\u00f6kohteen mukaan <strong>parantaa komponenttien korroosionkestoa, kovuutta tai liukuominaisuuksia<\/strong>. Laserp\u00e5svetsningens kvalitativa egenskaper \u00e4r i de flesta fall \u00f6verl\u00e4gsna j\u00e4mf\u00f6rt med andra ytbehandlingsmetoder. Laserp\u00e5svetsningen l\u00e4mpar sig f\u00f6r nyproduktion s\u00e5v\u00e4l som f\u00f6r underh\u00e5llsobjekt.<\/p>\n<\/div><\/div><\/div><\/div><\/div><\/div><\/div><\/div><\/div><\/div><\/div><\/section><section class=\"l-section wpb_row height_large color_primary with_img\"><div class=\"l-section-img\" style=\"background-image: url(https:\/\/lcc.fi\/wp-content\/uploads\/laserpinnoitukset-1.jpg);\" data-img-width=\"1920\" data-img-height=\"1080\"><\/div><div class=\"l-section-h i-cf\"><div class=\"g-cols vc_row type_default valign_top\"><div class=\"vc_col-sm-12 wpb_column vc_column_container\"><div class=\"vc_column-inner\"><div class=\"wpb_wrapper\">[vc_custom_heading text=&#8221;Laserp\u00e5svetsningen f\u00f6r nyproduktion s\u00e5v\u00e4l och f\u00f6r underh\u00e5llsobjekt&#8221; font_container=&#8221;tag:h2|text_align:center&#8221; use_theme_fonts=&#8221;yes&#8221; css=&#8221;%7B%22mobiles%22%3A%7B%22font-size%22%3A%2233px%22%7D%7D&#8221;]<div class=\"g-cols wpb_row  type_default valign_top vc_inner\"><div class=\"vc_col-sm-2 vc_hidden-sm vc_hidden-xs wpb_column vc_column_container\"><div class=\"vc_column-inner\"><div class=\"wpb_wrapper\"><\/div><\/div><\/div><div class=\"vc_col-sm-12 vc_col-lg-8 vc_col-md-8 wpb_column vc_column_container\"><div class=\"vc_column-inner\"><div class=\"wpb_wrapper\"><div class=\"wpb_text_column ingressi\" ><div class=\"wpb_wrapper\"><p style=\"text-align: center;\">Med moderna laserytbel\u00e4ggningsmaskiner skapas ytan kostnadseffektivt p\u00e5 s\u00e5v\u00e4l plana ytor som p\u00e5 rotationsstycken, allt fr\u00e5n sm\u00e5 cylindrar upp till s\u00e5dana som v\u00e4ger 20 ton, 20 meter l\u00e5nga med en diameter p\u00e5 3 meter. Ytbel\u00e4ggningen inuti kan g\u00f6ras fr\u00e5n 70 mm upp\u00e5t.<\/p>\n<\/div><\/div><\/div><\/div><\/div><div class=\"vc_col-sm-2 vc_hidden-sm vc_hidden-xs wpb_column vc_column_container\"><div class=\"vc_column-inner\"><div class=\"wpb_wrapper\"><\/div><\/div><\/div><\/div><div class=\"w-separator size_medium\"><\/div><div class=\"g-cols wpb_row  type_boxes valign_top gap-0-5rem vc_inner paddinki\"><style>.g-cols.gap-0-5rem{margin:0 -0.5rem}.gap-0-5rem > .vc_column_container {padding:0.5rem}<\/style><div class=\"vc_col-sm-12 vc_col-lg-4 vc_col-md-4 wpb_column vc_column_container with_overlay\"><div class=\"vc_column-inner\"><div class=\"vc_column-overlay\" style=\"background:rgba(255,255,255,0.40)\"><\/div><div class=\"wpb_wrapper\">[vc_custom_heading text=&#8221;Processindustrin&#8221; font_container=&#8221;tag:h6|text_align:center&#8221; use_theme_fonts=&#8221;yes&#8221; link=&#8221;url:%2Fsv%2Flaserpasvetsning%23processindustrin&#8221;]<div class=\"wpb_text_column\" ><div class=\"wpb_wrapper\"><p style=\"text-align: center;\">Hylsor och axlar i processindustrin.<\/p>\n<\/div><\/div><\/div><\/div><\/div><div class=\"vc_col-sm-12 vc_col-lg-4 vc_col-md-4 wpb_column vc_column_container with_overlay\"><div class=\"vc_column-inner\"><div class=\"vc_column-overlay\" style=\"background:rgba(255,255,255,0.40)\"><\/div><div class=\"wpb_wrapper\">[vc_custom_heading text=&#8221;St\u00e5lindustrin&#8221; font_container=&#8221;tag:h6|text_align:center&#8221; use_theme_fonts=&#8221;yes&#8221; link=&#8221;url:%2Fsv%2Flaserpasvetsning%23stailindustrin&#8221;]<div class=\"wpb_text_column\" ><div class=\"wpb_wrapper\"><p style=\"text-align: center;\">Komponenterna i st\u00e5lindustrins maskiner.<\/p>\n<\/div><\/div><\/div><\/div><\/div><div class=\"vc_col-sm-12 vc_col-lg-4 vc_col-md-4 wpb_column vc_column_container with_overlay\"><div class=\"vc_column-inner\"><div class=\"vc_column-overlay\" style=\"background:rgba(255,255,255,0.40)\"><\/div><div class=\"wpb_wrapper\">[vc_custom_heading text=&#8221;Gruvindustrin&#8221; font_container=&#8221;tag:h6|text_align:center&#8221; use_theme_fonts=&#8221;yes&#8221; link=&#8221;url:%2Fsv%2Flaserpasvetsning%23gruvinindustrin&#8221;]<div class=\"wpb_text_column\" ><div class=\"wpb_wrapper\"><p style=\"text-align: center;\">Gruv- och jordschaktmaskinernas komponenter t.ex. krossar, hjulnav, tappar och kolvst\u00e4nger.<\/p>\n<\/div><\/div><\/div><\/div><\/div><\/div><div class=\"w-separator size_custom\" style=\"height:0.3rem\"><\/div><div class=\"g-cols wpb_row  type_boxes valign_top gap-0-5rem vc_inner paddinki\"><style>.g-cols.gap-0-5rem{margin:0 -0.5rem}.gap-0-5rem > .vc_column_container {padding:0.5rem}<\/style><div class=\"vc_col-sm-12 vc_col-lg-4 vc_col-md-4 wpb_column vc_column_container with_overlay\"><div class=\"vc_column-inner\"><div class=\"vc_column-overlay\" style=\"background:rgba(255,255,255,0.40)\"><\/div><div class=\"wpb_wrapper\">[vc_custom_heading text=&#8221;Pappersindustrin&#8221; font_container=&#8221;tag:h6|text_align:center&#8221; use_theme_fonts=&#8221;yes&#8221; link=&#8221;url:%2Fsv%2Flaserpasvetsning%23paperindustrin&#8221;]<div class=\"wpb_text_column\" ><div class=\"wpb_wrapper\"><p style=\"text-align: center;\">Pappers- och cellulosaindustrins produkter\u00a0t.ex. valsar, vals\u00e4ndor, lagerhus och kolvst\u00e4nger<\/p>\n<\/div><\/div><\/div><\/div><\/div><div class=\"vc_col-sm-12 vc_col-lg-4 vc_col-md-4 wpb_column vc_column_container with_overlay\"><div class=\"vc_column-inner\"><div class=\"vc_column-overlay\" style=\"background:rgba(255,255,255,0.40)\"><\/div><div class=\"wpb_wrapper\">[vc_custom_heading text=&#8221;Sj\u00f6fartsindustrin&#8221; font_container=&#8221;tag:h6|text_align:center&#8221; use_theme_fonts=&#8221;yes&#8221; link=&#8221;url:%2Fsv%2Flaserpasvetsning%23sjoindustrin&#8221;]<div class=\"wpb_text_column\" ><div class=\"wpb_wrapper\"><p style=\"text-align: center;\">Pappers- och cellulosaindustrins produkter t.ex. valsar, vals\u00e4ndor, lagerhus och kolvst\u00e4nger.<\/p>\n<\/div><\/div><\/div><\/div><\/div><div class=\"vc_col-sm-12 vc_col-lg-4 vc_col-md-4 wpb_column vc_column_container with_overlay\"><div class=\"vc_column-inner\"><div class=\"vc_column-overlay\" style=\"background:rgba(255,255,255,0.40)\"><\/div><div class=\"wpb_wrapper\">[vc_custom_heading text=&#8221;Energiindustrin&#8221; font_container=&#8221;tag:h6|text_align:center&#8221; use_theme_fonts=&#8221;yes&#8221; link=&#8221;url:%2Fsv%2Flaserpasvetsning%23energiindustrin&#8221;]<div class=\"wpb_text_column\" ><div class=\"wpb_wrapper\"><p style=\"text-align: center;\">Energi-industrins komponenter t.ex, axlar, ventilskaft, kolvar, karosser och cylindrar.<\/p>\n<\/div><\/div><\/div><\/div><\/div><\/div><\/div><\/div><\/div><\/div><\/div><\/section><section class=\"l-section wpb_row height_medium\"><div class=\"l-section-h i-cf\"><div class=\"g-cols vc_row type_default valign_top\"><div class=\"vc_col-sm-12 vc_col-lg-8 vc_col-md-8 wpb_column vc_column_container\"><div class=\"vc_column-inner\"><div class=\"wpb_wrapper\"><div class=\"w-video align_left ratio_16x9\"><div class=\"w-video-h\"><iframe src=\"\/\/www.youtube.com\/embed\/iDyFmU-YpJI?autoplay=0&controls=1&origin=https%3A%2F%2Flcc.fi\" allowfullscreen=\"1\"><\/iframe><\/div><div class=\"w-video-icon\" style=\"font-size:1.5rem;background:rgba(0,0,0,0.5);color:#fff;\"><\/div><\/div><\/div><\/div><\/div><div class=\"vc_col-sm-12 vc_col-lg-4 vc_col-md-4 wpb_column vc_column_container\"><div class=\"vc_column-inner\"><div class=\"wpb_wrapper\">[vc_custom_heading text=&#8221;Kokkola LCC Oy&#8221; font_container=&#8221;tag:h4|text_align:left&#8221; use_theme_fonts=&#8221;yes&#8221;]<div class=\"wpb_text_column\" ><div class=\"wpb_wrapper\"><p>Kokkola LCC Oy erbjuder laserytbehandlings- och expertistj\u00e4nster till verkstadmekanik, verkstads-, metall-, energi-, och processindustrikunder. Vi har erbjudit laserytbehandlingens expertistj\u00e4nster sedan \u00e5r 2000 \u00e5t verkstads-, metall-, energi-, sj\u00f6farts-, gruv-, jordschaktnings-, processindustrins kunder.<\/p>\n<\/div><\/div><div class=\"w-separator size_small\"><\/div><div class=\"w-btn-wrapper width_auto align_left\"><a class=\"w-btn us-btn-style_1\" href=\"\/sv\/kontakt\/\"><span class=\"w-btn-label\">Kontakt<\/span><\/a><\/div><\/div><\/div><\/div><\/div><\/div><\/section>\n","protected":false},"excerpt":{"rendered":"[vc_custom_heading text=\"laserp\u00e5svetsning\" font_container=\"tag:h1|text_align:center\" use_theme_fonts=\"yes\" el_class=\"varjo\"][vc_custom_heading text=\"verkstads-, metall-, energi-, sj\u00f6farts-, gruv-, jordschaktnings-, processindustrins kunder\" font_container=\"tag:h3|text_align:center\" use_theme_fonts=\"yes\" css=\"%7B%22default%22%3A%7B%22text-align%22%3A%22center%22%2C%22font-weight%22%3A%22600%22%2C%22text-transform%22%3A%22uppercase%22%2C%22font-size%22%3A%2220px%22%2C%22letter-spacing%22%3A%220.05em%22%7D%7D\"]Laserp\u00e5svetsningKontaktLaserpinnoitteella voidaan k\u00e4ytt\u00f6kohteen mukaan parantaa komponenttien korroosionkestoa, kovuutta tai liukuominaisuuksia. Laserp\u00e5svetsningens kvalitativa egenskaper \u00e4r i de flesta fall \u00f6verl\u00e4gsna j\u00e4mf\u00f6rt med andra ytbehandlingsmetoder. Laserp\u00e5svetsningen l\u00e4mpar sig f\u00f6r nyproduktion s\u00e5v\u00e4l som f\u00f6r underh\u00e5llsobjekt. [vc_custom_heading text=\"Laserp\u00e5svetsningen f\u00f6r nyproduktion s\u00e5v\u00e4l och f\u00f6r underh\u00e5llsobjekt\"...","protected":false},"author":7,"featured_media":451,"parent":0,"menu_order":1,"comment_status":"closed","ping_status":"closed","template":"","meta":{"footnotes":""},"class_list":["post-469","page","type-page","status-publish","has-post-thumbnail","hentry"],"yoast_head":"<!-- This site is optimized with the Yoast SEO plugin v26.9 - https:\/\/yoast.com\/product\/yoast-seo-wordpress\/ -->\n<title>Laserp\u00e5svetsning - Kokkola LCC Oy<\/title>\n<meta name=\"description\" content=\"Bekanta Dig med principen f\u00f6r ytbel\u00e4ggning med laser, egenskaper och m\u00f6jligheter hur man kan f\u00f6r b\u00e4ttra produktens egenskaper och g\u00f6ra inbesparingar.\" \/>\n<meta name=\"robots\" content=\"index, follow, max-snippet:-1, max-image-preview:large, max-video-preview:-1\" \/>\n<link rel=\"canonical\" href=\"https:\/\/lcc.fi\/sv\/\" \/>\n<meta property=\"og:locale\" content=\"sv_SE\" \/>\n<meta property=\"og:type\" content=\"article\" \/>\n<meta property=\"og:title\" content=\"Laserpinnoitukset\" \/>\n<meta property=\"og:description\" content=\"Uustuotantoon ja kunnossapitokohteisiin\" \/>\n<meta property=\"og:url\" content=\"https:\/\/lcc.fi\/sv\/\" \/>\n<meta property=\"og:site_name\" content=\"Kokkola LCC Oy\" \/>\n<meta property=\"article:modified_time\" content=\"2025-12-04T14:19:55+00:00\" \/>\n<meta property=\"og:image\" content=\"https:\/\/lcc.fi\/wp-content\/uploads\/FB-LCC.jpg\" \/>\n\t<meta property=\"og:image:width\" content=\"1200\" \/>\n\t<meta property=\"og:image:height\" content=\"630\" \/>\n\t<meta property=\"og:image:type\" content=\"image\/jpeg\" \/>\n<meta name=\"twitter:card\" content=\"summary_large_image\" \/>\n<meta name=\"twitter:label1\" content=\"Ber\u00e4knad l\u00e4stid\" \/>\n\t<meta name=\"twitter:data1\" content=\"3 minuter\" \/>\n<script type=\"application\/ld+json\" class=\"yoast-schema-graph\">{\"@context\":\"https:\/\/schema.org\",\"@graph\":[{\"@type\":\"WebPage\",\"@id\":\"https:\/\/lcc.fi\/sv\/\",\"url\":\"https:\/\/lcc.fi\/sv\/\",\"name\":\"Laserp\u00e5svetsning - Kokkola LCC Oy\",\"isPartOf\":{\"@id\":\"https:\/\/lcc.fi\/#website\"},\"primaryImageOfPage\":{\"@id\":\"https:\/\/lcc.fi\/sv\/#primaryimage\"},\"image\":{\"@id\":\"https:\/\/lcc.fi\/sv\/#primaryimage\"},\"thumbnailUrl\":\"https:\/\/lcc.fi\/wp-content\/uploads\/FB-LCC.jpg\",\"datePublished\":\"2019-03-31T08:17:19+00:00\",\"dateModified\":\"2025-12-04T14:19:55+00:00\",\"description\":\"Bekanta Dig med principen f\u00f6r ytbel\u00e4ggning med laser, egenskaper och m\u00f6jligheter hur man kan f\u00f6r b\u00e4ttra produktens egenskaper och g\u00f6ra inbesparingar.\",\"breadcrumb\":{\"@id\":\"https:\/\/lcc.fi\/sv\/#breadcrumb\"},\"inLanguage\":\"sv-SE\",\"potentialAction\":[{\"@type\":\"ReadAction\",\"target\":[\"https:\/\/lcc.fi\/sv\/\"]}]},{\"@type\":\"ImageObject\",\"inLanguage\":\"sv-SE\",\"@id\":\"https:\/\/lcc.fi\/sv\/#primaryimage\",\"url\":\"https:\/\/lcc.fi\/wp-content\/uploads\/FB-LCC.jpg\",\"contentUrl\":\"https:\/\/lcc.fi\/wp-content\/uploads\/FB-LCC.jpg\",\"width\":1200,\"height\":630,\"caption\":\"FB: LCC\"},{\"@type\":\"BreadcrumbList\",\"@id\":\"https:\/\/lcc.fi\/sv\/#breadcrumb\",\"itemListElement\":[{\"@type\":\"ListItem\",\"position\":1,\"name\":\"Home\",\"item\":\"https:\/\/lcc.fi\/sv\/\"},{\"@type\":\"ListItem\",\"position\":2,\"name\":\"LCC\"}]},{\"@type\":\"WebSite\",\"@id\":\"https:\/\/lcc.fi\/#website\",\"url\":\"https:\/\/lcc.fi\/\",\"name\":\"Kokkola LCC Oy\",\"description\":\"Laserpinnoitukset teollisuuteen\",\"potentialAction\":[{\"@type\":\"SearchAction\",\"target\":{\"@type\":\"EntryPoint\",\"urlTemplate\":\"https:\/\/lcc.fi\/?s={search_term_string}\"},\"query-input\":{\"@type\":\"PropertyValueSpecification\",\"valueRequired\":true,\"valueName\":\"search_term_string\"}}],\"inLanguage\":\"sv-SE\"}]}<\/script>\n<!-- \/ Yoast SEO plugin. -->","yoast_head_json":{"title":"Laserp\u00e5svetsning - Kokkola LCC Oy","description":"Bekanta Dig med principen f\u00f6r ytbel\u00e4ggning med laser, egenskaper och m\u00f6jligheter hur man kan f\u00f6r b\u00e4ttra produktens egenskaper och g\u00f6ra inbesparingar.","robots":{"index":"index","follow":"follow","max-snippet":"max-snippet:-1","max-image-preview":"max-image-preview:large","max-video-preview":"max-video-preview:-1"},"canonical":"https:\/\/lcc.fi\/sv\/","og_locale":"sv_SE","og_type":"article","og_title":"Laserpinnoitukset","og_description":"Uustuotantoon ja kunnossapitokohteisiin","og_url":"https:\/\/lcc.fi\/sv\/","og_site_name":"Kokkola LCC Oy","article_modified_time":"2025-12-04T14:19:55+00:00","og_image":[{"width":1200,"height":630,"url":"https:\/\/lcc.fi\/wp-content\/uploads\/FB-LCC.jpg","type":"image\/jpeg"}],"twitter_card":"summary_large_image","twitter_misc":{"Ber\u00e4knad l\u00e4stid":"3 minuter"},"schema":{"@context":"https:\/\/schema.org","@graph":[{"@type":"WebPage","@id":"https:\/\/lcc.fi\/sv\/","url":"https:\/\/lcc.fi\/sv\/","name":"Laserp\u00e5svetsning - Kokkola LCC Oy","isPartOf":{"@id":"https:\/\/lcc.fi\/#website"},"primaryImageOfPage":{"@id":"https:\/\/lcc.fi\/sv\/#primaryimage"},"image":{"@id":"https:\/\/lcc.fi\/sv\/#primaryimage"},"thumbnailUrl":"https:\/\/lcc.fi\/wp-content\/uploads\/FB-LCC.jpg","datePublished":"2019-03-31T08:17:19+00:00","dateModified":"2025-12-04T14:19:55+00:00","description":"Bekanta Dig med principen f\u00f6r ytbel\u00e4ggning med laser, egenskaper och m\u00f6jligheter hur man kan f\u00f6r b\u00e4ttra produktens egenskaper och g\u00f6ra inbesparingar.","breadcrumb":{"@id":"https:\/\/lcc.fi\/sv\/#breadcrumb"},"inLanguage":"sv-SE","potentialAction":[{"@type":"ReadAction","target":["https:\/\/lcc.fi\/sv\/"]}]},{"@type":"ImageObject","inLanguage":"sv-SE","@id":"https:\/\/lcc.fi\/sv\/#primaryimage","url":"https:\/\/lcc.fi\/wp-content\/uploads\/FB-LCC.jpg","contentUrl":"https:\/\/lcc.fi\/wp-content\/uploads\/FB-LCC.jpg","width":1200,"height":630,"caption":"FB: LCC"},{"@type":"BreadcrumbList","@id":"https:\/\/lcc.fi\/sv\/#breadcrumb","itemListElement":[{"@type":"ListItem","position":1,"name":"Home","item":"https:\/\/lcc.fi\/sv\/"},{"@type":"ListItem","position":2,"name":"LCC"}]},{"@type":"WebSite","@id":"https:\/\/lcc.fi\/#website","url":"https:\/\/lcc.fi\/","name":"Kokkola LCC Oy","description":"Laserpinnoitukset teollisuuteen","potentialAction":[{"@type":"SearchAction","target":{"@type":"EntryPoint","urlTemplate":"https:\/\/lcc.fi\/?s={search_term_string}"},"query-input":{"@type":"PropertyValueSpecification","valueRequired":true,"valueName":"search_term_string"}}],"inLanguage":"sv-SE"}]}},"_links":{"self":[{"href":"https:\/\/lcc.fi\/sv\/wp-json\/wp\/v2\/pages\/469","targetHints":{"allow":["GET"]}}],"collection":[{"href":"https:\/\/lcc.fi\/sv\/wp-json\/wp\/v2\/pages"}],"about":[{"href":"https:\/\/lcc.fi\/sv\/wp-json\/wp\/v2\/types\/page"}],"author":[{"embeddable":true,"href":"https:\/\/lcc.fi\/sv\/wp-json\/wp\/v2\/users\/7"}],"replies":[{"embeddable":true,"href":"https:\/\/lcc.fi\/sv\/wp-json\/wp\/v2\/comments?post=469"}],"version-history":[{"count":16,"href":"https:\/\/lcc.fi\/sv\/wp-json\/wp\/v2\/pages\/469\/revisions"}],"predecessor-version":[{"id":1127,"href":"https:\/\/lcc.fi\/sv\/wp-json\/wp\/v2\/pages\/469\/revisions\/1127"}],"wp:featuredmedia":[{"embeddable":true,"href":"https:\/\/lcc.fi\/sv\/wp-json\/wp\/v2\/media\/451"}],"wp:attachment":[{"href":"https:\/\/lcc.fi\/sv\/wp-json\/wp\/v2\/media?parent=469"}],"curies":[{"name":"wp","href":"https:\/\/api.w.org\/{rel}","templated":true}]}}