{"id":1083,"date":"2025-11-17T09:38:16","date_gmt":"2025-11-17T09:38:16","guid":{"rendered":"https:\/\/lcc.fi\/ajankohtaista\/"},"modified":"2025-11-18T10:04:29","modified_gmt":"2025-11-18T10:04:29","slug":"aktuellt","status":"publish","type":"page","link":"https:\/\/lcc.fi\/sv\/aktuellt\/","title":{"rendered":"Aktuellt"},"content":{"rendered":"<section class=\"l-section wpb_row height_large wm-latest-post\"><div class=\"l-section-h i-cf\"><div class=\"g-cols vc_row type_default valign_top\"><div class=\"vc_col-sm-12 wpb_column vc_column_container\"><div class=\"vc_column-inner\"><div class=\"wpb_wrapper\"><div class=\"w-grid type_grid layout_1032\" id=\"us_grid_1\" data-filterable=\"true\"><style id=\"us_grid_1_css\">#us_grid_1 .w-grid-item:not(:last-child){margin-bottom:1.5rem}#us_grid_1 .g-loadmore{margin-top:1.5rem}<\/style><style>.layout_1032 .w-grid-item-h{}<\/style><div class=\"w-grid-list\" >\t<article class=\"w-grid-item size_1x1 post-1087 post type-post status-publish format-standard has-post-thumbnail hentry category-okategoriserad\" data-id=\"1087\">\r\n\t\t<div class=\"w-grid-item-h\">\r\n\t\t\t\t\t\t<div class=\"w-post-elm post_image usg_post_image_1\"><img loading=\"lazy\" decoding=\"async\" width=\"539\" height=\"394\" src=\"https:\/\/lcc.fi\/wp-content\/uploads\/LCC-logo-2.png\" class=\"attachment-full size-full wp-post-image\" alt=\"\" srcset=\"https:\/\/lcc.fi\/wp-content\/uploads\/LCC-logo-2.png 539w, https:\/\/lcc.fi\/wp-content\/uploads\/LCC-logo-2-300x219.png 300w\" sizes=\"auto, (max-width: 539px) 100vw, 539px\" \/><\/div><div class=\"w-vwrapper usg_vwrapper_1 align_left valign_top\"><div class=\"w-html usg_html_1\">AKTUELLT | 14.11.2025<\/div><h2 class=\"w-post-elm post_title usg_post_title_1 entry-title color_link_inherit\">Investering i metallbearbetningsmaskin<\/h2><div class=\"w-post-elm post_content usg_post_content_1\">Vi har investerat i en ny metallbearbetningsmaskin f\u00f6r st\u00f6rre komponenter,&hellip;<\/div><div class=\"w-html usg_html_2\"><a href=\"https:\/\/lcc.fi\/sv\/investering-i-metallbearbetningsmaskin\/\" class=\"w-btn us-btn-style_1 usg_btn_1\"><span class=\"w-btn-label\">L\u00e4s mer<\/span><\/a><\/div><\/div>\t\t<\/div>\r\n\t<\/article>\r\n<\/div><div class=\"w-grid-preloader\"><div class=\"g-preloader type_1\">\r\n\t<div><\/div>\r\n<\/div>\r\n<\/div>\t<div class=\"w-grid-json hidden\" onclick='return {&quot;action&quot;:&quot;us_ajax_grid&quot;,&quot;ajax_url&quot;:&quot;https:\\\/\\\/lcc.fi\\\/wp-admin\\\/admin-ajax.php&quot;,&quot;infinite_scroll&quot;:0,&quot;max_num_pages&quot;:1,&quot;pagination&quot;:&quot;none&quot;,&quot;permalink_url&quot;:&quot;https:\\\/\\\/lcc.fi\\\/sv\\\/wp-json\\\/wp\\\/v2\\\/pages\\\/1083\\\/&quot;,&quot;template_vars&quot;:{&quot;columns&quot;:&quot;1&quot;,&quot;exclude_items&quot;:&quot;none&quot;,&quot;img_size&quot;:&quot;default&quot;,&quot;ignore_items_size&quot;:false,&quot;items_layout&quot;:&quot;1032&quot;,&quot;items_offset&quot;:&quot;1&quot;,&quot;load_animation&quot;:&quot;none&quot;,&quot;overriding_link&quot;:&quot;none&quot;,&quot;post_id&quot;:1083,&quot;query_args&quot;:{&quot;post_type&quot;:[&quot;post&quot;],&quot;post_status&quot;:[&quot;publish&quot;],&quot;posts_per_page&quot;:&quot;1&quot;},&quot;orderby_query_args&quot;:{&quot;orderby&quot;:{&quot;date&quot;:&quot;DESC&quot;}},&quot;type&quot;:&quot;grid&quot;,&quot;us_grid_ajax_index&quot;:1,&quot;us_grid_filter_params&quot;:null,&quot;us_grid_index&quot;:1,&quot;_us_grid_post_type&quot;:&quot;post&quot;,&quot;lang&quot;:&quot;sv&quot;}}'><\/div>\r\n\t<\/div><\/div><\/div><\/div><\/div><\/div><\/section><section class=\"l-section wpb_row height_large wm-posts\"><div class=\"l-section-h i-cf\"><div class=\"g-cols vc_row type_default valign_top\"><div class=\"vc_col-sm-12 wpb_column vc_column_container\"><div class=\"vc_column-inner\"><div class=\"wpb_wrapper\"><div class=\"wpb_text_column d-none\" ><div class=\"wpb_wrapper\"><h1>Senaste nytt<\/h1>\n<\/div><\/div><div class=\"w-grid type_grid layout_1032 cols_3 with_pagination\" id=\"us_grid_2\"><style id=\"us_grid_2_css\">#us_grid_2 .w-grid-item{padding:1.5rem}#us_grid_2 .w-grid-list{margin:-1.5rem -1.5rem 1.5rem}.w-grid + #us_grid_2 .w-grid-list{margin-top:1.5rem}@media (max-width:899px){#us_grid_2 .w-grid-item{width:50.0000%}}@media (max-width:599px){#us_grid_2 .w-grid-list{margin:0}#us_grid_2 .w-grid-item{width:100.0000%;padding:0;margin-bottom:1.5rem}}<\/style><div class=\"w-grid-list\" >\t<article class=\"w-grid-item size_1x1 post-1087 post type-post status-publish format-standard has-post-thumbnail hentry category-okategoriserad\" data-id=\"1087\">\r\n\t\t<div class=\"w-grid-item-h\">\r\n\t\t\t\t\t\t<div class=\"w-post-elm post_image usg_post_image_1\"><img loading=\"lazy\" decoding=\"async\" width=\"539\" height=\"394\" src=\"https:\/\/lcc.fi\/wp-content\/uploads\/LCC-logo-2.png\" class=\"attachment-full size-full wp-post-image\" alt=\"\" srcset=\"https:\/\/lcc.fi\/wp-content\/uploads\/LCC-logo-2.png 539w, https:\/\/lcc.fi\/wp-content\/uploads\/LCC-logo-2-300x219.png 300w\" sizes=\"auto, (max-width: 539px) 100vw, 539px\" \/><\/div><div class=\"w-vwrapper usg_vwrapper_1 align_left valign_top\"><div class=\"w-html usg_html_1\">AKTUELLT | 14.11.2025<\/div><h2 class=\"w-post-elm post_title usg_post_title_1 entry-title color_link_inherit\">Investering i metallbearbetningsmaskin<\/h2><div class=\"w-post-elm post_content usg_post_content_1\">Vi har investerat i en ny metallbearbetningsmaskin f\u00f6r st\u00f6rre komponenter,&hellip;<\/div><div class=\"w-html usg_html_2\"><a href=\"https:\/\/lcc.fi\/sv\/investering-i-metallbearbetningsmaskin\/\" class=\"w-btn us-btn-style_1 usg_btn_1\"><span class=\"w-btn-label\">L\u00e4s mer<\/span><\/a><\/div><\/div>\t\t<\/div>\r\n\t<\/article>\r\n<\/div><div class=\"w-grid-preloader\"><div class=\"g-preloader type_1\">\r\n\t<div><\/div>\r\n<\/div>\r\n<\/div>\t<div class=\"w-grid-json hidden\" onclick='return {&quot;action&quot;:&quot;us_ajax_grid&quot;,&quot;ajax_url&quot;:&quot;https:\\\/\\\/lcc.fi\\\/wp-admin\\\/admin-ajax.php&quot;,&quot;infinite_scroll&quot;:0,&quot;max_num_pages&quot;:1,&quot;pagination&quot;:&quot;regular&quot;,&quot;permalink_url&quot;:&quot;https:\\\/\\\/lcc.fi\\\/sv\\\/wp-json\\\/wp\\\/v2\\\/pages\\\/1083\\\/&quot;,&quot;template_vars&quot;:{&quot;columns&quot;:&quot;3&quot;,&quot;exclude_items&quot;:&quot;none&quot;,&quot;img_size&quot;:&quot;default&quot;,&quot;ignore_items_size&quot;:false,&quot;items_layout&quot;:&quot;1032&quot;,&quot;items_offset&quot;:&quot;1&quot;,&quot;load_animation&quot;:&quot;none&quot;,&quot;overriding_link&quot;:&quot;none&quot;,&quot;post_id&quot;:1087,&quot;query_args&quot;:{&quot;post_type&quot;:[&quot;post&quot;],&quot;post_status&quot;:[&quot;publish&quot;],&quot;posts_per_page&quot;:&quot;4&quot;},&quot;orderby_query_args&quot;:{&quot;orderby&quot;:{&quot;date&quot;:&quot;DESC&quot;}},&quot;type&quot;:&quot;grid&quot;,&quot;us_grid_ajax_index&quot;:1,&quot;us_grid_filter_params&quot;:null,&quot;us_grid_index&quot;:2,&quot;_us_grid_post_type&quot;:&quot;post&quot;,&quot;lang&quot;:&quot;sv&quot;}}'><\/div>\r\n\t<\/div><\/div><\/div><\/div><\/div><\/div><\/section>\n","protected":false},"excerpt":{"rendered":"Vi har investerat i en ny metallbearbetningsmaskin f\u00f6r st\u00f6rre komponenter, vilket g\u00f6r det m\u00f6jligt f\u00f6r oss att \u00f6ka v\u00e5r produktionskapacitet. Investeringen st\u00e4rker v\u00e5r f\u00f6retagsutveckling och \u00f6kar produkternas f\u00f6r\u00e4dlingsv\u00e4rde i v\u00e5ra egna produktionsanl\u00e4ggningar. Vi kommer forts\u00e4ttningsvis att erbjuda h\u00f6gkvalitativa, m\u00e5ttanpassade och kompletta komponenter till kunder inom olika industrisektorer. Den h\u00f6ga kvaliteten garanterar tillf\u00f6rlitlighet och f\u00f6rl\u00e4nger produkternas...","protected":false},"author":10,"featured_media":0,"parent":0,"menu_order":0,"comment_status":"closed","ping_status":"closed","template":"","meta":{"footnotes":""},"class_list":["post-1083","page","type-page","status-publish","hentry"],"yoast_head":"<!-- This site is optimized with the Yoast SEO plugin v26.9 - https:\/\/yoast.com\/product\/yoast-seo-wordpress\/ -->\n<title>Aktuellt - Kokkola LCC Oy<\/title>\n<meta name=\"robots\" content=\"index, follow, max-snippet:-1, max-image-preview:large, max-video-preview:-1\" \/>\n<link rel=\"canonical\" href=\"https:\/\/lcc.fi\/sv\/aktuellt\/\" \/>\n<meta property=\"og:locale\" content=\"sv_SE\" \/>\n<meta property=\"og:type\" content=\"article\" \/>\n<meta property=\"og:title\" content=\"Aktuellt - Kokkola LCC Oy\" \/>\n<meta property=\"og:url\" content=\"https:\/\/lcc.fi\/sv\/aktuellt\/\" \/>\n<meta property=\"og:site_name\" content=\"Kokkola LCC Oy\" \/>\n<meta property=\"article:modified_time\" content=\"2025-11-18T10:04:29+00:00\" \/>\n<meta name=\"twitter:card\" content=\"summary_large_image\" \/>\n<meta name=\"twitter:label1\" content=\"Ber\u00e4knad l\u00e4stid\" \/>\n\t<meta name=\"twitter:data1\" content=\"1 minut\" \/>\n<script type=\"application\/ld+json\" class=\"yoast-schema-graph\">{\"@context\":\"https:\/\/schema.org\",\"@graph\":[{\"@type\":\"WebPage\",\"@id\":\"https:\/\/lcc.fi\/sv\/aktuellt\/\",\"url\":\"https:\/\/lcc.fi\/sv\/aktuellt\/\",\"name\":\"Aktuellt - Kokkola LCC Oy\",\"isPartOf\":{\"@id\":\"https:\/\/lcc.fi\/#website\"},\"datePublished\":\"2025-11-17T09:38:16+00:00\",\"dateModified\":\"2025-11-18T10:04:29+00:00\",\"breadcrumb\":{\"@id\":\"https:\/\/lcc.fi\/sv\/aktuellt\/#breadcrumb\"},\"inLanguage\":\"sv-SE\",\"potentialAction\":[{\"@type\":\"ReadAction\",\"target\":[\"https:\/\/lcc.fi\/sv\/aktuellt\/\"]}]},{\"@type\":\"BreadcrumbList\",\"@id\":\"https:\/\/lcc.fi\/sv\/aktuellt\/#breadcrumb\",\"itemListElement\":[{\"@type\":\"ListItem\",\"position\":1,\"name\":\"Home\",\"item\":\"https:\/\/lcc.fi\/sv\/\"},{\"@type\":\"ListItem\",\"position\":2,\"name\":\"Aktuellt\"}]},{\"@type\":\"WebSite\",\"@id\":\"https:\/\/lcc.fi\/#website\",\"url\":\"https:\/\/lcc.fi\/\",\"name\":\"Kokkola LCC Oy\",\"description\":\"Laserpinnoitukset teollisuuteen\",\"potentialAction\":[{\"@type\":\"SearchAction\",\"target\":{\"@type\":\"EntryPoint\",\"urlTemplate\":\"https:\/\/lcc.fi\/?s={search_term_string}\"},\"query-input\":{\"@type\":\"PropertyValueSpecification\",\"valueRequired\":true,\"valueName\":\"search_term_string\"}}],\"inLanguage\":\"sv-SE\"}]}<\/script>\n<!-- \/ Yoast SEO plugin. -->","yoast_head_json":{"title":"Aktuellt - Kokkola LCC Oy","robots":{"index":"index","follow":"follow","max-snippet":"max-snippet:-1","max-image-preview":"max-image-preview:large","max-video-preview":"max-video-preview:-1"},"canonical":"https:\/\/lcc.fi\/sv\/aktuellt\/","og_locale":"sv_SE","og_type":"article","og_title":"Aktuellt - Kokkola LCC Oy","og_url":"https:\/\/lcc.fi\/sv\/aktuellt\/","og_site_name":"Kokkola LCC Oy","article_modified_time":"2025-11-18T10:04:29+00:00","twitter_card":"summary_large_image","twitter_misc":{"Ber\u00e4knad l\u00e4stid":"1 minut"},"schema":{"@context":"https:\/\/schema.org","@graph":[{"@type":"WebPage","@id":"https:\/\/lcc.fi\/sv\/aktuellt\/","url":"https:\/\/lcc.fi\/sv\/aktuellt\/","name":"Aktuellt - Kokkola LCC Oy","isPartOf":{"@id":"https:\/\/lcc.fi\/#website"},"datePublished":"2025-11-17T09:38:16+00:00","dateModified":"2025-11-18T10:04:29+00:00","breadcrumb":{"@id":"https:\/\/lcc.fi\/sv\/aktuellt\/#breadcrumb"},"inLanguage":"sv-SE","potentialAction":[{"@type":"ReadAction","target":["https:\/\/lcc.fi\/sv\/aktuellt\/"]}]},{"@type":"BreadcrumbList","@id":"https:\/\/lcc.fi\/sv\/aktuellt\/#breadcrumb","itemListElement":[{"@type":"ListItem","position":1,"name":"Home","item":"https:\/\/lcc.fi\/sv\/"},{"@type":"ListItem","position":2,"name":"Aktuellt"}]},{"@type":"WebSite","@id":"https:\/\/lcc.fi\/#website","url":"https:\/\/lcc.fi\/","name":"Kokkola LCC Oy","description":"Laserpinnoitukset teollisuuteen","potentialAction":[{"@type":"SearchAction","target":{"@type":"EntryPoint","urlTemplate":"https:\/\/lcc.fi\/?s={search_term_string}"},"query-input":{"@type":"PropertyValueSpecification","valueRequired":true,"valueName":"search_term_string"}}],"inLanguage":"sv-SE"}]}},"_links":{"self":[{"href":"https:\/\/lcc.fi\/sv\/wp-json\/wp\/v2\/pages\/1083","targetHints":{"allow":["GET"]}}],"collection":[{"href":"https:\/\/lcc.fi\/sv\/wp-json\/wp\/v2\/pages"}],"about":[{"href":"https:\/\/lcc.fi\/sv\/wp-json\/wp\/v2\/types\/page"}],"author":[{"embeddable":true,"href":"https:\/\/lcc.fi\/sv\/wp-json\/wp\/v2\/users\/10"}],"replies":[{"embeddable":true,"href":"https:\/\/lcc.fi\/sv\/wp-json\/wp\/v2\/comments?post=1083"}],"version-history":[{"count":3,"href":"https:\/\/lcc.fi\/sv\/wp-json\/wp\/v2\/pages\/1083\/revisions"}],"predecessor-version":[{"id":1108,"href":"https:\/\/lcc.fi\/sv\/wp-json\/wp\/v2\/pages\/1083\/revisions\/1108"}],"wp:attachment":[{"href":"https:\/\/lcc.fi\/sv\/wp-json\/wp\/v2\/media?parent=1083"}],"curies":[{"name":"wp","href":"https:\/\/api.w.org\/{rel}","templated":true}]}}