{"id":560,"date":"2021-01-23T12:08:09","date_gmt":"2021-01-23T12:08:09","guid":{"rendered":"https:\/\/lcc.fi\/tietopankki\/"},"modified":"2024-08-14T12:03:19","modified_gmt":"2024-08-14T12:03:19","slug":"downloads","status":"publish","type":"page","link":"https:\/\/lcc.fi\/en\/downloads\/","title":{"rendered":"Downloads"},"content":{"rendered":"<section class=\"l-section wpb_row height_auto color_primary with_img\"><div class=\"l-section-img\" style=\"background-image: url(https:\/\/lcc.fi\/wp-content\/uploads\/laserpinnoite-meriteollisuuteen.jpg);background-repeat: no-repeat;\" data-img-width=\"1920\" data-img-height=\"1080\"><\/div><div class=\"l-section-h i-cf\"><div class=\"g-cols vc_row type_default valign_top\"><div class=\"vc_col-sm-12 vc_col-lg-8 vc_col-md-8 wpb_column vc_column_container\"><div class=\"vc_column-inner\"><div class=\"wpb_wrapper\"><div class=\"w-separator size_custom\" style=\"height:80px\"><\/div>[vc_custom_heading text=&#8221;Downloads&#8221; font_container=&#8221;tag:h1|text_align:left&#8221; use_theme_fonts=&#8221;yes&#8221; el_class=&#8221;varjo&#8221;]<div class=\"wpb_text_column ingressi\" ><div class=\"wpb_wrapper\"><p>For more information, please download our brochures.<\/p>\n<\/div><\/div><div class=\"w-separator size_custom\" style=\"height:80px\"><\/div><\/div><\/div><\/div><div class=\"vc_col-sm-4 vc_hidden-sm vc_hidden-xs wpb_column vc_column_container\"><div class=\"vc_column-inner\"><div class=\"wpb_wrapper\"><\/div><\/div><\/div><\/div><\/div><\/section><section class=\"l-section wpb_row height_large\"><div class=\"l-section-h i-cf\"><div class=\"g-cols vc_row type_default valign_top\"><div class=\"vc_col-sm-12 vc_col-lg-6 vc_col-md-6 wpb_column vc_column_container\"><div class=\"vc_column-inner\"><div class=\"wpb_wrapper\">[vc_custom_heading text=&#8221;Download PDF&#8221; font_container=&#8221;tag:h4|text_align:left&#8221; use_theme_fonts=&#8221;yes&#8221;]<div class=\"wpb_text_column\" ><div class=\"wpb_wrapper\"><ul>\n<li><strong><a href=\"\/wp-content\/uploads\/LCC-Ylivoimaiset-pinnoitteet-laserilla-S.pdf\" target=\"_blank\" rel=\"noopener\">Brochure \u2013 Ylivoimaiset pinnoitteet laserilla (Finnish)<\/a><\/strong><\/li>\n<li><strong><a href=\"\/wp-content\/uploads\/LCC-Overlagsen-laserpasvetsning-S.pdf\" target=\"_blank\" rel=\"noopener\">Brochure \u2013 \u00d6verl\u00e4gsen laserp\u00e5svetsning (Swedish)<\/a><\/strong><\/li>\n<li><strong><a href=\"\/wp-content\/uploads\/LCC-Superb-coatings-with-laser-S.pdf\" target=\"_blank\" rel=\"noopener\">Brochure \u2013 Superb coatings with laser (English)<\/a><\/strong><\/li>\n<li><strong><a href=\"\/wp-content\/uploads\/lcc-brochure2012-ru.pdf\" target=\"_blank\" rel=\"noopener\">LCC &#8211; Laser Coating Centre (Russian)<\/a><\/strong><\/li>\n<li><strong><a href=\"\/wp-content\/uploads\/process_basics_and_coating_properties.pdf\" target=\"_blank\" rel=\"noopener\">Process basics (English)<\/a><\/strong><\/li>\n<li><strong><a href=\"\/wp-content\/uploads\/laserpinnoitteella_lisaa_kilpailukykya.pdf\" target=\"_blank\" rel=\"noopener\">Article &#8211; Laserpinnoitteella lis\u00e4\u00e4 kilpailukyky\u00e4 (Finnish)<\/a><\/strong><\/li>\n<\/ul>\n<\/div><\/div><\/div><\/div><\/div><div class=\"vc_col-sm-12 vc_col-lg-6 vc_col-md-6 wpb_column vc_column_container\"><div class=\"vc_column-inner\"><div class=\"wpb_wrapper\">[vc_custom_heading text=&#8221;Send a reference brochure to your email &#8221; font_container=&#8221;tag:h4|text_align:left&#8221; use_theme_fonts=&#8221;yes&#8221;]\n<div class=\"wpcf7 no-js\" id=\"wpcf7-f483-o1\" lang=\"en-US\" dir=\"ltr\" data-wpcf7-id=\"483\">\n<div class=\"screen-reader-response\"><p role=\"status\" aria-live=\"polite\" aria-atomic=\"true\"><\/p> <ul><\/ul><\/div>\n<form action=\"\/en\/wp-json\/wp\/v2\/pages\/560#wpcf7-f483-o1\" method=\"post\" class=\"wpcf7-form init\" aria-label=\"Contact form\" novalidate=\"novalidate\" data-status=\"init\">\n<fieldset class=\"hidden-fields-container\"><input type=\"hidden\" name=\"_wpcf7\" value=\"483\" \/><input type=\"hidden\" name=\"_wpcf7_version\" value=\"6.1.5\" \/><input type=\"hidden\" name=\"_wpcf7_locale\" value=\"en_US\" \/><input type=\"hidden\" name=\"_wpcf7_unit_tag\" value=\"wpcf7-f483-o1\" \/><input type=\"hidden\" name=\"_wpcf7_container_post\" value=\"0\" \/><input type=\"hidden\" name=\"_wpcf7_posted_data_hash\" value=\"\" \/>\n<\/fieldset>\n<p><label><span class=\"wpcf7-form-control-wrap\" data-name=\"Your-name\"><input size=\"40\" maxlength=\"400\" class=\"wpcf7-form-control wpcf7-text wpcf7-validates-as-required\" aria-required=\"true\" aria-invalid=\"false\" placeholder=\"Name\" value=\"\" type=\"text\" name=\"Your-name\" \/><\/span><\/label>\n<\/p>\n<p><label><span class=\"wpcf7-form-control-wrap\" data-name=\"company\"><input size=\"40\" maxlength=\"400\" class=\"wpcf7-form-control wpcf7-text wpcf7-validates-as-required\" aria-required=\"true\" aria-invalid=\"false\" placeholder=\"Company\" value=\"\" type=\"text\" name=\"company\" \/><\/span><\/label>\n<\/p>\n<p><label><span class=\"wpcf7-form-control-wrap\" data-name=\"email\"><input size=\"40\" maxlength=\"400\" class=\"wpcf7-form-control wpcf7-email wpcf7-validates-as-required wpcf7-text wpcf7-validates-as-email\" aria-required=\"true\" aria-invalid=\"false\" placeholder=\"Email\" value=\"\" type=\"email\" name=\"email\" \/><\/span><\/label>\n<\/p>\n<p><label><span class=\"wpcf7-form-control-wrap\" data-name=\"phone\"><input size=\"40\" maxlength=\"400\" class=\"wpcf7-form-control wpcf7-tel wpcf7-validates-as-required wpcf7-text wpcf7-validates-as-tel\" aria-required=\"true\" aria-invalid=\"false\" placeholder=\"Phone\" value=\"\" type=\"tel\" name=\"phone\" \/><\/span><\/label>\n<\/p>\n<p><strong>Order brocure<\/strong><br \/>\n<span class=\"wpcf7-form-control-wrap\" data-name=\"brochure\"><span class=\"wpcf7-form-control wpcf7-checkbox\"><span class=\"wpcf7-list-item first last\"><label><input type=\"checkbox\" name=\"brochure[]\" value=\"Reference brochure\" \/><span class=\"wpcf7-list-item-label\">Reference brochure<\/span><\/label><\/span><\/span><\/span>\n<\/p>\n<p><label><span class=\"wpcf7-form-control-wrap\" data-name=\"message\"><textarea cols=\"40\" rows=\"10\" maxlength=\"2000\" class=\"wpcf7-form-control wpcf7-textarea\" aria-invalid=\"false\" placeholder=\"Message\" name=\"message\"><\/textarea><\/span><\/label>\n<\/p>\n<p><input class=\"wpcf7-form-control wpcf7-submit has-spinner\" type=\"submit\" value=\"Send\" \/>\n<\/p><div class=\"wpcf7-response-output\" aria-hidden=\"true\"><\/div>\n<\/form>\n<\/div>\n<\/div><\/div><\/div><\/div><\/div><\/section>\n","protected":false},"excerpt":{"rendered":"[vc_custom_heading text=\"Downloads\" font_container=\"tag:h1|text_align:left\" use_theme_fonts=\"yes\" el_class=\"varjo\"]For more information, please download our brochures. [vc_custom_heading text=\"Download PDF\" font_container=\"tag:h4|text_align:left\" use_theme_fonts=\"yes\"] Brochure \u2013 Ylivoimaiset pinnoitteet laserilla (Finnish) Brochure \u2013 \u00d6verl\u00e4gsen laserp\u00e5svetsning (Swedish) Brochure \u2013 Superb coatings with laser (English) LCC &#8211; Laser Coating Centre (Russian) Process basics (English) Article &#8211; Laserpinnoitteella lis\u00e4\u00e4 kilpailukyky\u00e4 (Finnish) [vc_custom_heading text=\"Send a reference brochure to...","protected":false},"author":7,"featured_media":0,"parent":0,"menu_order":7,"comment_status":"closed","ping_status":"closed","template":"","meta":{"footnotes":""},"class_list":["post-560","page","type-page","status-publish","hentry"],"yoast_head":"<!-- This site is optimized with the Yoast SEO plugin v26.9 - https:\/\/yoast.com\/product\/yoast-seo-wordpress\/ -->\n<title>Downloads - Kokkola LCC Oy<\/title>\n<meta name=\"description\" content=\"Download our material about laser cladding services for industrial manufacturing and maintenance.\" \/>\n<meta name=\"robots\" content=\"index, follow, max-snippet:-1, max-image-preview:large, max-video-preview:-1\" \/>\n<link rel=\"canonical\" href=\"https:\/\/lcc.fi\/en\/downloads\/\" \/>\n<meta property=\"og:locale\" content=\"en_US\" \/>\n<meta property=\"og:type\" content=\"article\" \/>\n<meta property=\"og:title\" content=\"Downloads - Kokkola LCC Oy\" \/>\n<meta property=\"og:description\" content=\"Download our material about laser cladding services for industrial manufacturing and maintenance.\" \/>\n<meta property=\"og:url\" content=\"https:\/\/lcc.fi\/en\/downloads\/\" \/>\n<meta property=\"og:site_name\" content=\"Kokkola LCC Oy\" \/>\n<meta property=\"article:modified_time\" content=\"2024-08-14T12:03:19+00:00\" \/>\n<meta name=\"twitter:card\" content=\"summary_large_image\" \/>\n<meta name=\"twitter:label1\" content=\"Est. reading time\" \/>\n\t<meta name=\"twitter:data1\" content=\"1 minute\" \/>\n<script type=\"application\/ld+json\" class=\"yoast-schema-graph\">{\"@context\":\"https:\/\/schema.org\",\"@graph\":[{\"@type\":\"WebPage\",\"@id\":\"https:\/\/lcc.fi\/en\/downloads\/\",\"url\":\"https:\/\/lcc.fi\/en\/downloads\/\",\"name\":\"Downloads - Kokkola LCC Oy\",\"isPartOf\":{\"@id\":\"https:\/\/lcc.fi\/#website\"},\"datePublished\":\"2021-01-23T12:08:09+00:00\",\"dateModified\":\"2024-08-14T12:03:19+00:00\",\"description\":\"Download our material about laser cladding services for industrial manufacturing and maintenance.\",\"breadcrumb\":{\"@id\":\"https:\/\/lcc.fi\/en\/downloads\/#breadcrumb\"},\"inLanguage\":\"en-US\",\"potentialAction\":[{\"@type\":\"ReadAction\",\"target\":[\"https:\/\/lcc.fi\/en\/downloads\/\"]}]},{\"@type\":\"BreadcrumbList\",\"@id\":\"https:\/\/lcc.fi\/en\/downloads\/#breadcrumb\",\"itemListElement\":[{\"@type\":\"ListItem\",\"position\":1,\"name\":\"Home\",\"item\":\"https:\/\/lcc.fi\/en\/\"},{\"@type\":\"ListItem\",\"position\":2,\"name\":\"Downloads\"}]},{\"@type\":\"WebSite\",\"@id\":\"https:\/\/lcc.fi\/#website\",\"url\":\"https:\/\/lcc.fi\/\",\"name\":\"Kokkola LCC Oy\",\"description\":\"Laserpinnoitukset teollisuuteen\",\"potentialAction\":[{\"@type\":\"SearchAction\",\"target\":{\"@type\":\"EntryPoint\",\"urlTemplate\":\"https:\/\/lcc.fi\/?s={search_term_string}\"},\"query-input\":{\"@type\":\"PropertyValueSpecification\",\"valueRequired\":true,\"valueName\":\"search_term_string\"}}],\"inLanguage\":\"en-US\"}]}<\/script>\n<!-- \/ Yoast SEO plugin. -->","yoast_head_json":{"title":"Downloads - Kokkola LCC Oy","description":"Download our material about laser cladding services for industrial manufacturing and maintenance.","robots":{"index":"index","follow":"follow","max-snippet":"max-snippet:-1","max-image-preview":"max-image-preview:large","max-video-preview":"max-video-preview:-1"},"canonical":"https:\/\/lcc.fi\/en\/downloads\/","og_locale":"en_US","og_type":"article","og_title":"Downloads - Kokkola LCC Oy","og_description":"Download our material about laser cladding services for industrial manufacturing and maintenance.","og_url":"https:\/\/lcc.fi\/en\/downloads\/","og_site_name":"Kokkola LCC Oy","article_modified_time":"2024-08-14T12:03:19+00:00","twitter_card":"summary_large_image","twitter_misc":{"Est. reading time":"1 minute"},"schema":{"@context":"https:\/\/schema.org","@graph":[{"@type":"WebPage","@id":"https:\/\/lcc.fi\/en\/downloads\/","url":"https:\/\/lcc.fi\/en\/downloads\/","name":"Downloads - Kokkola LCC Oy","isPartOf":{"@id":"https:\/\/lcc.fi\/#website"},"datePublished":"2021-01-23T12:08:09+00:00","dateModified":"2024-08-14T12:03:19+00:00","description":"Download our material about laser cladding services for industrial manufacturing and maintenance.","breadcrumb":{"@id":"https:\/\/lcc.fi\/en\/downloads\/#breadcrumb"},"inLanguage":"en-US","potentialAction":[{"@type":"ReadAction","target":["https:\/\/lcc.fi\/en\/downloads\/"]}]},{"@type":"BreadcrumbList","@id":"https:\/\/lcc.fi\/en\/downloads\/#breadcrumb","itemListElement":[{"@type":"ListItem","position":1,"name":"Home","item":"https:\/\/lcc.fi\/en\/"},{"@type":"ListItem","position":2,"name":"Downloads"}]},{"@type":"WebSite","@id":"https:\/\/lcc.fi\/#website","url":"https:\/\/lcc.fi\/","name":"Kokkola LCC Oy","description":"Laserpinnoitukset teollisuuteen","potentialAction":[{"@type":"SearchAction","target":{"@type":"EntryPoint","urlTemplate":"https:\/\/lcc.fi\/?s={search_term_string}"},"query-input":{"@type":"PropertyValueSpecification","valueRequired":true,"valueName":"search_term_string"}}],"inLanguage":"en-US"}]}},"_links":{"self":[{"href":"https:\/\/lcc.fi\/en\/wp-json\/wp\/v2\/pages\/560","targetHints":{"allow":["GET"]}}],"collection":[{"href":"https:\/\/lcc.fi\/en\/wp-json\/wp\/v2\/pages"}],"about":[{"href":"https:\/\/lcc.fi\/en\/wp-json\/wp\/v2\/types\/page"}],"author":[{"embeddable":true,"href":"https:\/\/lcc.fi\/en\/wp-json\/wp\/v2\/users\/7"}],"replies":[{"embeddable":true,"href":"https:\/\/lcc.fi\/en\/wp-json\/wp\/v2\/comments?post=560"}],"version-history":[{"count":8,"href":"https:\/\/lcc.fi\/en\/wp-json\/wp\/v2\/pages\/560\/revisions"}],"predecessor-version":[{"id":893,"href":"https:\/\/lcc.fi\/en\/wp-json\/wp\/v2\/pages\/560\/revisions\/893"}],"wp:attachment":[{"href":"https:\/\/lcc.fi\/en\/wp-json\/wp\/v2\/media?parent=560"}],"curies":[{"name":"wp","href":"https:\/\/api.w.org\/{rel}","templated":true}]}}