{"id":476,"date":"2021-01-22T16:02:43","date_gmt":"2021-01-22T16:02:43","guid":{"rendered":"https:\/\/lcc.fi\/tietosuojakaytanto\/"},"modified":"2024-11-15T11:46:46","modified_gmt":"2024-11-15T11:46:46","slug":"cookiepolicy","status":"publish","type":"page","link":"https:\/\/lcc.fi\/en\/cookiepolicy\/","title":{"rendered":"Cookiepolicy"},"content":{"rendered":"<section class=\"l-section wpb_row height_large\"><div class=\"l-section-h i-cf\"><div class=\"g-cols vc_row type_default valign_top\"><div class=\"vc_col-sm-12 wpb_column vc_column_container\"><div class=\"vc_column-inner\"><div class=\"wpb_wrapper\">[vc_custom_heading text=&#8221;Cookiepolicy&#8221; font_container=&#8221;tag:h1|text_align:center&#8221; use_theme_fonts=&#8221;yes&#8221;]<div class=\"w-separator size_medium\"><\/div><div class=\"g-cols wpb_row  type_default valign_top vc_inner\"><div class=\"vc_col-sm-2 wpb_column vc_column_container\"><div class=\"vc_column-inner\"><div class=\"wpb_wrapper\"><\/div><\/div><\/div><div class=\"vc_col-sm-8 wpb_column vc_column_container\"><div class=\"vc_column-inner\"><div class=\"wpb_wrapper\"><div class=\"wpb_text_column\" ><div class=\"wpb_wrapper\"><h3>Rekisterin sis\u00e4lt\u00f6<\/h3>\n<p>Rekister\u00f6ityn\u00e4 ovat seuraavat tiedot: nimi, s\u00e4hk\u00f6postiosoite, puhelinnumero, osoite ja yritys tai organisaatio sek\u00e4 teht\u00e4v\u00e4nimike.<\/p>\n<p>Yhteystiedot ovat yrityksemme henkil\u00f6st\u00f6n k\u00e4yt\u00f6ss\u00e4 k\u00e4yntikorttiluetteloina ja yhteystietolistoina sek\u00e4 s\u00e4hk\u00f6postissa. Asiakkaan yhteystietoja yll\u00e4pidet\u00e4\u00e4n my\u00f6s tuotannonohjausj\u00e4rjestelm\u00e4ss\u00e4.<\/p>\n<p>Henkil\u00f6st\u00f6st\u00e4 ker\u00e4\u00e4mme tietoa heid\u00e4n osaamisesta ja p\u00e4tevyyksist\u00e4. N\u00e4m\u00e4 liittyv\u00e4t ty\u00f6h\u00f6n. Ty\u00f6nhakijoiden tietoja ker\u00e4\u00e4mme hakijoilta itselt\u00e4\u00e4n, jotka p\u00e4\u00e4tt\u00e4v\u00e4t sis\u00e4ll\u00f6st\u00e4 ja vastaavat tietojen oikeellisuudesta.<\/p>\n<h3>Miksi k\u00e4sittelemme henkil\u00f6tietoa<\/h3>\n<p>K\u00e4sittelemme asiakas- ja yhteystietorekisterimme tietoja asiakkuuksiemme ja yhteisty\u00f6kumppanuuksiemme ja toimituksiemme hoitamiseen sek\u00e4 uusien liiketoiminta- ja yhteisty\u00f6suhteiden luomiseksi.<\/p>\n<p>Henkil\u00f6st\u00f6n osaamis- ja p\u00e4tevyystietoja k\u00e4sittelemme varmistaaksemme, ett\u00e4 voimme toteuttaa asiakaslupauksemme ja yll\u00e4pit\u00e4\u00e4 tarvittavaa osaamis- ja p\u00e4tevyystasoa yrityksess\u00e4mme. Emme k\u00e4sittele yksitt\u00e4isten henkil\u00f6iden terveystietoja.<\/p>\n<h3>Mist\u00e4 henkil\u00f6tiedot ker\u00e4t\u00e4\u00e4n?<\/h3>\n<p>Tiedot saadaan henkil\u00f6ilt\u00e4 itselt\u00e4\u00e4n henkil\u00f6kohtaisen yhteydenoton tai tapaamisen kautta sek\u00e4 erilaisten tapahtumien ja tilaisuuksien yhteydess\u00e4. Tietoja haetaan my\u00f6s julkisista l\u00e4hteist\u00e4 ja yritysten kotisivuilta.<\/p>\n<p>Yhteystietojen luovutus<\/p>\n<p>Uusien liiketoimintasuhteiden luomiseksi luovutamme yhteystietoja ja tietoja henkil\u00f6kunnan p\u00e4tevyyksist\u00e4 kolmansille osapuolille tarpeen mukaan.<\/p>\n<p>Henkil\u00f6kunnan tietoja voidaan luovuttaa laitoksille, jotka j\u00e4rjest\u00e4v\u00e4t koulutuksia ja kokeita, jotka liittyv\u00e4t p\u00e4tevyyksien yll\u00e4pitoon. Tietoja p\u00e4tevyyksist\u00e4 k\u00e4sitell\u00e4\u00e4n asiakkaiden kanssa, silloin kun se on liiketoiminnan ja toimituksien kannalta tarpeellista. Ty\u00f6nhakijoiden tietoja k\u00e4sittelemme luottamuksella.<\/p>\n<h3>Rekister\u00f6idyn oikeudet<\/h3>\n<p>Halutessasi tiet\u00e4\u00e4 millaista tietoa rekisteriss\u00e4mme on itse\u00e4si koskien, esit\u00e4 tarkastuspyynt\u00f6 kirjallisena s\u00e4hk\u00f6postiimme tai postin kautta, katso yhteystiedot.<\/p>\n<p>Pyynn\u00f6st\u00e4si korjaamme tai poistamme virheellisen tai vanhentuneen tiedon.<\/p>\n<p>Rekister\u00f6ityn\u00e4 sinulla on oikeus rajoittaa lainvastaisen tai virheellisen tiedon k\u00e4sittely\u00e4 tai jos olet vastustanut tiedon k\u00e4sittely\u00e4, paitsi jos tarvitsemme tietoja<\/p>\n<ul>\n<li>oikeusvaateen laatimisen, esitt\u00e4misen tai puolustamisen takia<\/li>\n<li>yleisen edun vuoksi<\/li>\n<li>jonkun toisen henkil\u00f6n oikeuksien suojaamiseksi<\/li>\n<\/ul>\n<h4>Vastustusoikeus<\/h4>\n<p>Sinulla on oikeus milloin tahansa, henkil\u00f6kohtaiseen erityiseen tilanteeseesi liittyv\u00e4ll\u00e4 perusteella, vastustaa henkil\u00f6tietojesi k\u00e4sittely\u00e4. T\u00e4ll\u00f6in emme en\u00e4\u00e4 saa k\u00e4sitell\u00e4 henkil\u00f6tietojasi, paitsi jos k\u00e4sittelyyn on olemassa huomattavan t\u00e4rke\u00e4 ja perusteltu syy, joka syrj\u00e4ytt\u00e4\u00e4 sinun etusi, oikeutesi ja vapautesi, tai jos tietojen k\u00e4sittely on tarpeen oikeusvaateen laatimiseksi, esitt\u00e4miseksi tai puolustamiseksi<\/p>\n<h4>Valitusoikeus<\/h4>\n<p>Jos mielest\u00e4si henkil\u00f6tietojasi k\u00e4sitell\u00e4\u00e4n tietosuoja-asetuksen vastaisesti voi tehd\u00e4 valituksen viranomaiselle. Ajantasaiset yhteystiedot ja neuvonta tietosuojavaltuutetun internetsivuilla ositteessa www.tietosuoja.fi<\/p>\n<p>Kokkola LCC Oy ei kohdista asiakkaisiinsa tai yhteisty\u00f6kumppaneihinsa profilointia tai muuta automaattista p\u00e4\u00e4t\u00f6ksentekoa.<\/p>\n<h4>Yhteystiedot<\/h4>\n<p><strong>Puhelinnumero<\/strong><br \/>\n+358 46 922 4770<\/p>\n<p><strong>K\u00e4yntiosoite<\/strong><br \/>\nAhjokuja 8, 67800 Kokkola<\/p>\n<p><strong>S\u00e4hk\u00f6postiosoite<\/strong><br \/>\n<a href=\"mailto:lcc@lcc.fi\"><strong>lcc@lcc.fi<\/strong><\/a><\/p>\n<\/div><\/div><\/div><\/div><\/div><div class=\"vc_col-sm-2 wpb_column vc_column_container\"><div class=\"vc_column-inner\"><div class=\"wpb_wrapper\"><\/div><\/div><\/div><\/div><\/div><\/div><\/div><\/div><\/div><\/section>\n","protected":false},"excerpt":{"rendered":"[vc_custom_heading text=\"Cookiepolicy\" font_container=\"tag:h1|text_align:center\" use_theme_fonts=\"yes\"]Rekisterin sis\u00e4lt\u00f6 Rekister\u00f6ityn\u00e4 ovat seuraavat tiedot: nimi, s\u00e4hk\u00f6postiosoite, puhelinnumero, osoite ja yritys tai organisaatio sek\u00e4 teht\u00e4v\u00e4nimike. Yhteystiedot ovat yrityksemme henkil\u00f6st\u00f6n k\u00e4yt\u00f6ss\u00e4 k\u00e4yntikorttiluetteloina ja yhteystietolistoina sek\u00e4 s\u00e4hk\u00f6postissa. Asiakkaan yhteystietoja yll\u00e4pidet\u00e4\u00e4n my\u00f6s tuotannonohjausj\u00e4rjestelm\u00e4ss\u00e4. Henkil\u00f6st\u00f6st\u00e4 ker\u00e4\u00e4mme tietoa heid\u00e4n osaamisesta ja p\u00e4tevyyksist\u00e4. N\u00e4m\u00e4 liittyv\u00e4t ty\u00f6h\u00f6n. Ty\u00f6nhakijoiden tietoja ker\u00e4\u00e4mme hakijoilta itselt\u00e4\u00e4n, jotka p\u00e4\u00e4tt\u00e4v\u00e4t sis\u00e4ll\u00f6st\u00e4 ja vastaavat tietojen...","protected":false},"author":7,"featured_media":0,"parent":0,"menu_order":100,"comment_status":"closed","ping_status":"closed","template":"","meta":{"footnotes":""},"class_list":["post-476","page","type-page","status-publish","hentry"],"yoast_head":"<!-- This site is optimized with the Yoast SEO plugin v26.9 - https:\/\/yoast.com\/product\/yoast-seo-wordpress\/ -->\n<title>Cookiepolicy - Kokkola LCC Oy<\/title>\n<meta name=\"robots\" content=\"index, follow, max-snippet:-1, max-image-preview:large, max-video-preview:-1\" \/>\n<link rel=\"canonical\" href=\"https:\/\/lcc.fi\/en\/cookiepolicy\/\" \/>\n<meta property=\"og:locale\" content=\"en_US\" \/>\n<meta property=\"og:type\" content=\"article\" \/>\n<meta property=\"og:title\" content=\"Cookiepolicy - Kokkola LCC Oy\" \/>\n<meta property=\"og:url\" content=\"https:\/\/lcc.fi\/en\/cookiepolicy\/\" \/>\n<meta property=\"og:site_name\" content=\"Kokkola LCC Oy\" \/>\n<meta property=\"article:modified_time\" content=\"2024-11-15T11:46:46+00:00\" \/>\n<meta name=\"twitter:card\" content=\"summary_large_image\" \/>\n<meta name=\"twitter:label1\" content=\"Est. reading time\" \/>\n\t<meta name=\"twitter:data1\" content=\"2 minutes\" \/>\n<script type=\"application\/ld+json\" class=\"yoast-schema-graph\">{\"@context\":\"https:\/\/schema.org\",\"@graph\":[{\"@type\":\"WebPage\",\"@id\":\"https:\/\/lcc.fi\/en\/cookiepolicy\/\",\"url\":\"https:\/\/lcc.fi\/en\/cookiepolicy\/\",\"name\":\"Cookiepolicy - Kokkola LCC Oy\",\"isPartOf\":{\"@id\":\"https:\/\/lcc.fi\/#website\"},\"datePublished\":\"2021-01-22T16:02:43+00:00\",\"dateModified\":\"2024-11-15T11:46:46+00:00\",\"breadcrumb\":{\"@id\":\"https:\/\/lcc.fi\/en\/cookiepolicy\/#breadcrumb\"},\"inLanguage\":\"en-US\",\"potentialAction\":[{\"@type\":\"ReadAction\",\"target\":[\"https:\/\/lcc.fi\/en\/cookiepolicy\/\"]}]},{\"@type\":\"BreadcrumbList\",\"@id\":\"https:\/\/lcc.fi\/en\/cookiepolicy\/#breadcrumb\",\"itemListElement\":[{\"@type\":\"ListItem\",\"position\":1,\"name\":\"Home\",\"item\":\"https:\/\/lcc.fi\/en\/\"},{\"@type\":\"ListItem\",\"position\":2,\"name\":\"Cookiepolicy\"}]},{\"@type\":\"WebSite\",\"@id\":\"https:\/\/lcc.fi\/#website\",\"url\":\"https:\/\/lcc.fi\/\",\"name\":\"Kokkola LCC Oy\",\"description\":\"Laserpinnoitukset teollisuuteen\",\"potentialAction\":[{\"@type\":\"SearchAction\",\"target\":{\"@type\":\"EntryPoint\",\"urlTemplate\":\"https:\/\/lcc.fi\/?s={search_term_string}\"},\"query-input\":{\"@type\":\"PropertyValueSpecification\",\"valueRequired\":true,\"valueName\":\"search_term_string\"}}],\"inLanguage\":\"en-US\"}]}<\/script>\n<!-- \/ Yoast SEO plugin. -->","yoast_head_json":{"title":"Cookiepolicy - Kokkola LCC Oy","robots":{"index":"index","follow":"follow","max-snippet":"max-snippet:-1","max-image-preview":"max-image-preview:large","max-video-preview":"max-video-preview:-1"},"canonical":"https:\/\/lcc.fi\/en\/cookiepolicy\/","og_locale":"en_US","og_type":"article","og_title":"Cookiepolicy - Kokkola LCC Oy","og_url":"https:\/\/lcc.fi\/en\/cookiepolicy\/","og_site_name":"Kokkola LCC Oy","article_modified_time":"2024-11-15T11:46:46+00:00","twitter_card":"summary_large_image","twitter_misc":{"Est. reading time":"2 minutes"},"schema":{"@context":"https:\/\/schema.org","@graph":[{"@type":"WebPage","@id":"https:\/\/lcc.fi\/en\/cookiepolicy\/","url":"https:\/\/lcc.fi\/en\/cookiepolicy\/","name":"Cookiepolicy - Kokkola LCC Oy","isPartOf":{"@id":"https:\/\/lcc.fi\/#website"},"datePublished":"2021-01-22T16:02:43+00:00","dateModified":"2024-11-15T11:46:46+00:00","breadcrumb":{"@id":"https:\/\/lcc.fi\/en\/cookiepolicy\/#breadcrumb"},"inLanguage":"en-US","potentialAction":[{"@type":"ReadAction","target":["https:\/\/lcc.fi\/en\/cookiepolicy\/"]}]},{"@type":"BreadcrumbList","@id":"https:\/\/lcc.fi\/en\/cookiepolicy\/#breadcrumb","itemListElement":[{"@type":"ListItem","position":1,"name":"Home","item":"https:\/\/lcc.fi\/en\/"},{"@type":"ListItem","position":2,"name":"Cookiepolicy"}]},{"@type":"WebSite","@id":"https:\/\/lcc.fi\/#website","url":"https:\/\/lcc.fi\/","name":"Kokkola LCC Oy","description":"Laserpinnoitukset teollisuuteen","potentialAction":[{"@type":"SearchAction","target":{"@type":"EntryPoint","urlTemplate":"https:\/\/lcc.fi\/?s={search_term_string}"},"query-input":{"@type":"PropertyValueSpecification","valueRequired":true,"valueName":"search_term_string"}}],"inLanguage":"en-US"}]}},"_links":{"self":[{"href":"https:\/\/lcc.fi\/en\/wp-json\/wp\/v2\/pages\/476","targetHints":{"allow":["GET"]}}],"collection":[{"href":"https:\/\/lcc.fi\/en\/wp-json\/wp\/v2\/pages"}],"about":[{"href":"https:\/\/lcc.fi\/en\/wp-json\/wp\/v2\/types\/page"}],"author":[{"embeddable":true,"href":"https:\/\/lcc.fi\/en\/wp-json\/wp\/v2\/users\/7"}],"replies":[{"embeddable":true,"href":"https:\/\/lcc.fi\/en\/wp-json\/wp\/v2\/comments?post=476"}],"version-history":[{"count":3,"href":"https:\/\/lcc.fi\/en\/wp-json\/wp\/v2\/pages\/476\/revisions"}],"predecessor-version":[{"id":985,"href":"https:\/\/lcc.fi\/en\/wp-json\/wp\/v2\/pages\/476\/revisions\/985"}],"wp:attachment":[{"href":"https:\/\/lcc.fi\/en\/wp-json\/wp\/v2\/media?parent=476"}],"curies":[{"name":"wp","href":"https:\/\/api.w.org\/{rel}","templated":true}]}}